{"id":9111,"date":"2017-06-21T04:23:28","date_gmt":"2017-06-21T02:23:28","guid":{"rendered":"http:\/\/tikiparcmoorea.com\/?page_id=9111"},"modified":"2024-03-06T23:50:16","modified_gmt":"2024-03-06T22:50:16","slug":"acces","status":"publish","type":"page","link":"https:\/\/tikiparcmoorea.com\/?page_id=9111","title":{"rendered":"Plan d&#8217;acc\u00e8s"},"content":{"rendered":"<p>[vc_row row_style=&#8221;full-width&#8221; padding_size=&#8221;no-padding&#8221;][vc_column padding_size=&#8221;no-padding&#8221;][wyde_section_separator style=&#8221;3&#8243; background_color=&#8221;#ffffff&#8221; shape_color=&#8221;#3ab54a&#8221;][\/vc_column][\/vc_row][vc_row padding_size=&#8221;m-padding&#8221;][vc_column][vc_single_image alignment=&#8221;center&#8221; image=&#8221;9138&#8243;][vc_empty_space height=&#8221;80px&#8221;][\/vc_column][\/vc_row]<\/p>\n","protected":false},"excerpt":{"rendered":"<p>[vc_row row_style=&#8221;full-width&#8221; padding_size=&#8221;no-padding&#8221;][vc_column padding_size=&#8221;no-padding&#8221;][wyde_section_separator style=&#8221;3&#8243; background_color=&#8221;#ffffff&#8221; shape_color=&#8221;#3ab54a&#8221;][\/vc_column][\/vc_row][vc_row padding_size=&#8221;m-padding&#8221;][vc_column][vc_single_image alignment=&#8221;center&#8221; image=&#8221;9138&#8243;][vc_empty_space height=&#8221;80px&#8221;][\/vc_column][\/vc_row]<\/p>\n","protected":false},"author":1,"featured_media":0,"parent":0,"menu_order":0,"comment_status":"closed","ping_status":"closed","template":"","meta":{"_mi_skip_tracking":false,"footnotes":""},"class_list":["post-9111","page","type-page","status-publish","hentry"],"yoast_head":"<!-- This site is optimized with the Yoast SEO plugin v20.1 - https:\/\/yoast.com\/wordpress\/plugins\/seo\/ -->\n<title>Plan d&#039;acc\u00e8s - Tiki Parc Moorea<\/title>\n<meta name=\"description\" content=\"Nous sommes situ\u00e9s dans la baie d&#039;Opunohu, sur la route du sentier des anc\u00eatres. Voici notre plan d&#039;acc\u00e8s.\" \/>\n<meta name=\"robots\" content=\"index, follow, max-snippet:-1, max-image-preview:large, max-video-preview:-1\" \/>\n<link rel=\"canonical\" href=\"https:\/\/tikiparcmoorea.com\/?page_id=9111\" \/>\n<meta property=\"og:locale\" content=\"fr_FR\" \/>\n<meta property=\"og:type\" content=\"article\" \/>\n<meta property=\"og:title\" content=\"Plan d&#039;acc\u00e8s - Tiki Parc Moorea\" \/>\n<meta property=\"og:description\" content=\"Nous sommes situ\u00e9s dans la baie d&#039;Opunohu, sur la route du sentier des anc\u00eatres. Voici notre plan d&#039;acc\u00e8s.\" \/>\n<meta property=\"og:url\" content=\"https:\/\/tikiparcmoorea.com\/?page_id=9111\" \/>\n<meta property=\"og:site_name\" content=\"Tiki Parc Moorea\" \/>\n<meta property=\"article:publisher\" content=\"https:\/\/www.facebook.com\/\" \/>\n<meta property=\"article:modified_time\" content=\"2024-03-06T22:50:16+00:00\" \/>\n<meta name=\"twitter:card\" content=\"summary_large_image\" \/>\n<meta name=\"twitter:label1\" content=\"Dur\u00e9e de lecture estim\u00e9e\" \/>\n\t<meta name=\"twitter:data1\" content=\"1 minute\" \/>\n<script type=\"application\/ld+json\" class=\"yoast-schema-graph\">{\"@context\":\"https:\/\/schema.org\",\"@graph\":[{\"@type\":\"WebPage\",\"@id\":\"https:\/\/tikiparcmoorea.com\/?page_id=9111\",\"url\":\"https:\/\/tikiparcmoorea.com\/?page_id=9111\",\"name\":\"Plan d'acc\u00e8s - Tiki Parc Moorea\",\"isPartOf\":{\"@id\":\"https:\/\/tikiparcmoorea.com\/#website\"},\"datePublished\":\"2017-06-21T02:23:28+00:00\",\"dateModified\":\"2024-03-06T22:50:16+00:00\",\"description\":\"Nous sommes situ\u00e9s dans la baie d'Opunohu, sur la route du sentier des anc\u00eatres. Voici notre plan d'acc\u00e8s.\",\"breadcrumb\":{\"@id\":\"https:\/\/tikiparcmoorea.com\/?page_id=9111#breadcrumb\"},\"inLanguage\":\"fr-FR\",\"potentialAction\":[{\"@type\":\"ReadAction\",\"target\":[\"https:\/\/tikiparcmoorea.com\/?page_id=9111\"]}]},{\"@type\":\"BreadcrumbList\",\"@id\":\"https:\/\/tikiparcmoorea.com\/?page_id=9111#breadcrumb\",\"itemListElement\":[{\"@type\":\"ListItem\",\"position\":1,\"name\":\"Accueil\",\"item\":\"https:\/\/tikiparcmoorea.com\/\"},{\"@type\":\"ListItem\",\"position\":2,\"name\":\"Plan d&rsquo;acc\u00e8s\"}]},{\"@type\":\"WebSite\",\"@id\":\"https:\/\/tikiparcmoorea.com\/#website\",\"url\":\"https:\/\/tikiparcmoorea.com\/\",\"name\":\"Tiki Parc Moorea\",\"description\":\"\u00c9vadez-vous\",\"publisher\":{\"@id\":\"https:\/\/tikiparcmoorea.com\/#organization\"},\"potentialAction\":[{\"@type\":\"SearchAction\",\"target\":{\"@type\":\"EntryPoint\",\"urlTemplate\":\"https:\/\/tikiparcmoorea.com\/?s={search_term_string}\"},\"query-input\":\"required name=search_term_string\"}],\"inLanguage\":\"fr-FR\"},{\"@type\":\"Organization\",\"@id\":\"https:\/\/tikiparcmoorea.com\/#organization\",\"name\":\"Tiki Parc Moorea\",\"url\":\"https:\/\/tikiparcmoorea.com\/\",\"logo\":{\"@type\":\"ImageObject\",\"inLanguage\":\"fr-FR\",\"@id\":\"https:\/\/tikiparcmoorea.com\/#\/schema\/logo\/image\/\",\"url\":\"https:\/\/tikiparcmoorea.com\/wp-content\/uploads\/2025\/08\/LOGO-OFFICIELLE2.png\",\"contentUrl\":\"https:\/\/tikiparcmoorea.com\/wp-content\/uploads\/2025\/08\/LOGO-OFFICIELLE2.png\",\"width\":5000,\"height\":5000,\"caption\":\"Tiki Parc Moorea\"},\"image\":{\"@id\":\"https:\/\/tikiparcmoorea.com\/#\/schema\/logo\/image\/\"},\"sameAs\":[\"https:\/\/www.facebook.com\/\",\"https:\/\/www.instagram.com\/\"]}]}<\/script>\n<!-- \/ Yoast SEO plugin. -->","yoast_head_json":{"title":"Plan d'acc\u00e8s - Tiki Parc Moorea","description":"Nous sommes situ\u00e9s dans la baie d'Opunohu, sur la route du sentier des anc\u00eatres. Voici notre plan d'acc\u00e8s.","robots":{"index":"index","follow":"follow","max-snippet":"max-snippet:-1","max-image-preview":"max-image-preview:large","max-video-preview":"max-video-preview:-1"},"canonical":"https:\/\/tikiparcmoorea.com\/?page_id=9111","og_locale":"fr_FR","og_type":"article","og_title":"Plan d'acc\u00e8s - Tiki Parc Moorea","og_description":"Nous sommes situ\u00e9s dans la baie d'Opunohu, sur la route du sentier des anc\u00eatres. Voici notre plan d'acc\u00e8s.","og_url":"https:\/\/tikiparcmoorea.com\/?page_id=9111","og_site_name":"Tiki Parc Moorea","article_publisher":"https:\/\/www.facebook.com\/","article_modified_time":"2024-03-06T22:50:16+00:00","twitter_card":"summary_large_image","twitter_misc":{"Dur\u00e9e de lecture estim\u00e9e":"1 minute"},"schema":{"@context":"https:\/\/schema.org","@graph":[{"@type":"WebPage","@id":"https:\/\/tikiparcmoorea.com\/?page_id=9111","url":"https:\/\/tikiparcmoorea.com\/?page_id=9111","name":"Plan d'acc\u00e8s - Tiki Parc Moorea","isPartOf":{"@id":"https:\/\/tikiparcmoorea.com\/#website"},"datePublished":"2017-06-21T02:23:28+00:00","dateModified":"2024-03-06T22:50:16+00:00","description":"Nous sommes situ\u00e9s dans la baie d'Opunohu, sur la route du sentier des anc\u00eatres. Voici notre plan d'acc\u00e8s.","breadcrumb":{"@id":"https:\/\/tikiparcmoorea.com\/?page_id=9111#breadcrumb"},"inLanguage":"fr-FR","potentialAction":[{"@type":"ReadAction","target":["https:\/\/tikiparcmoorea.com\/?page_id=9111"]}]},{"@type":"BreadcrumbList","@id":"https:\/\/tikiparcmoorea.com\/?page_id=9111#breadcrumb","itemListElement":[{"@type":"ListItem","position":1,"name":"Accueil","item":"https:\/\/tikiparcmoorea.com\/"},{"@type":"ListItem","position":2,"name":"Plan d&rsquo;acc\u00e8s"}]},{"@type":"WebSite","@id":"https:\/\/tikiparcmoorea.com\/#website","url":"https:\/\/tikiparcmoorea.com\/","name":"Tiki Parc Moorea","description":"\u00c9vadez-vous","publisher":{"@id":"https:\/\/tikiparcmoorea.com\/#organization"},"potentialAction":[{"@type":"SearchAction","target":{"@type":"EntryPoint","urlTemplate":"https:\/\/tikiparcmoorea.com\/?s={search_term_string}"},"query-input":"required name=search_term_string"}],"inLanguage":"fr-FR"},{"@type":"Organization","@id":"https:\/\/tikiparcmoorea.com\/#organization","name":"Tiki Parc Moorea","url":"https:\/\/tikiparcmoorea.com\/","logo":{"@type":"ImageObject","inLanguage":"fr-FR","@id":"https:\/\/tikiparcmoorea.com\/#\/schema\/logo\/image\/","url":"https:\/\/tikiparcmoorea.com\/wp-content\/uploads\/2025\/08\/LOGO-OFFICIELLE2.png","contentUrl":"https:\/\/tikiparcmoorea.com\/wp-content\/uploads\/2025\/08\/LOGO-OFFICIELLE2.png","width":5000,"height":5000,"caption":"Tiki Parc Moorea"},"image":{"@id":"https:\/\/tikiparcmoorea.com\/#\/schema\/logo\/image\/"},"sameAs":["https:\/\/www.facebook.com\/","https:\/\/www.instagram.com\/"]}]}},"_links":{"self":[{"href":"https:\/\/tikiparcmoorea.com\/index.php?rest_route=\/wp\/v2\/pages\/9111","targetHints":{"allow":["GET"]}}],"collection":[{"href":"https:\/\/tikiparcmoorea.com\/index.php?rest_route=\/wp\/v2\/pages"}],"about":[{"href":"https:\/\/tikiparcmoorea.com\/index.php?rest_route=\/wp\/v2\/types\/page"}],"author":[{"embeddable":true,"href":"https:\/\/tikiparcmoorea.com\/index.php?rest_route=\/wp\/v2\/users\/1"}],"replies":[{"embeddable":true,"href":"https:\/\/tikiparcmoorea.com\/index.php?rest_route=%2Fwp%2Fv2%2Fcomments&post=9111"}],"version-history":[{"count":18,"href":"https:\/\/tikiparcmoorea.com\/index.php?rest_route=\/wp\/v2\/pages\/9111\/revisions"}],"predecessor-version":[{"id":9139,"href":"https:\/\/tikiparcmoorea.com\/index.php?rest_route=\/wp\/v2\/pages\/9111\/revisions\/9139"}],"wp:attachment":[{"href":"https:\/\/tikiparcmoorea.com\/index.php?rest_route=%2Fwp%2Fv2%2Fmedia&parent=9111"}],"curies":[{"name":"wp","href":"https:\/\/api.w.org\/{rel}","templated":true}]}}