{"id":8952,"date":"2017-06-13T23:14:45","date_gmt":"2017-06-13T21:14:45","guid":{"rendered":"http:\/\/tikiparcmoorea.com\/?page_id=8952"},"modified":"2024-03-29T22:42:06","modified_gmt":"2024-03-29T21:42:06","slug":"reglement","status":"publish","type":"page","link":"https:\/\/tikiparcmoorea.com\/?page_id=8952","title":{"rendered":"R\u00e8glement"},"content":{"rendered":"<p>[vc_row][vc_column][vc_column_text]R\u00c8GLEMENT INT\u00c9RIEUR TIKI PARC MOOREA<\/p>\n<p>L\u2019acc\u00e8s aux parcours implique l\u2019acceptation du pr\u00e9sent r\u00e8glement int\u00e9rieur :<\/p>\n<p>Votre pr\u00e9sence sur le site du Tiki Parc Moorea, signifie que vous acceptez le pr\u00e9sent r\u00e8glement int\u00e9rieur. Le parcours acrobatique en hauteur est un espace d\u2019activit\u00e9 ludique permettant au participant de cheminer en hauteur, de fa\u00e7on autonome et plus ou moins acrobatique et sportif, sur et entre les arbres ou autres supports naturels ou non.<\/p>\n<p>Il se compose d\u2019ateliers r\u00e9partis sur diff\u00e9rents parcours distingu\u00e9s par des codes de couleur.<br \/>\n&#8211; bleu facile enfants de 3 \u00e0 7 ans<br \/>\n&#8211; vert facile \u00e0 partir de 8 ans<br \/>\n&#8211; rouge moyen \u00e0 partir de 8 ans<br \/>\n&#8211; violet moyen \u00e0 partir de 8 ans<br \/>\n&#8211; noir et blanc difficile \u00e0 partir de 12 ans<\/p>\n<p>Chaque parcours comprend des restrictions d\u2019acc\u00e8s (\u00e2ge, poids, taille, \u00e9quipement, accompagnement) veillez \u00e0 bien v\u00e9rifier que vous correspondez \u00e0 ces crit\u00e8res avant de vous engager.<br \/>\nPour les enfants de moins de 8 ans, dans l\u2019espace Tamarii, la pr\u00e9sence d\u2019un adulte responsable accompagnant au sol tout au long du parcours est obligatoire. Il devra suivre les explications donn\u00e9es en d\u00e9but de s\u00e9ance sur les consignes de s\u00e9curit\u00e9 et l\u2019utilisation du mat\u00e9riel.<br \/>\nLes mineurs de moins de 16 ans, doivent \u00eatre accompagn\u00e9s d\u2019un adulte responsable lors de l\u2019inscription qui devra rester sur site durant l\u2019activit\u00e9.<\/p>\n<p>Conditions d\u2019acc\u00e8s :<\/p>\n<p>&#8211; Avoir lu et accept\u00e9 le pr\u00e9sent r\u00e8glement int\u00e9rieur<br \/>\n&#8211; Avoir souscrit \u00e0 une responsabilit\u00e9 civile<br \/>\n&#8211; Avoir suivi les explications de d\u00e9but de s\u00e9ance et r\u00e9alis\u00e9 le parcours test avec succ\u00e8s approuv\u00e9 par un op\u00e9rateur<br \/>\n&#8211; Respecter les signalisations visuelles sur les parcours comme au sol<br \/>\n&#8211; Respecter \u00e0 tout moment et en chaque lieu les consignes de s\u00e9curit\u00e9 et r\u00e8gles d\u2019utilisation donn\u00e9es par les op\u00e9rateurs<br \/>\n&#8211; \u00catre en bonne sant\u00e9 et n\u2019\u00eatre affect\u00e9 d\u2019aucun trouble physique ou psychologique :<br \/>\nLa pratique est interdite aux personnes pr\u00e9sentant un trouble incompatible avec la pratique des activit\u00e9s sportives.<br \/>\n&#8211; La pratique est interdite aux femmes enceintes<br \/>\n&#8211; Avoir une tenue adapt\u00e9e \u00e0 l\u2019exercice des activit\u00e9s sportives en for\u00eat, de pr\u00e9f\u00e9rence des v\u00eatements longs afin que les sangles du harnais ne soit pas directement sur la peau.<br \/>\n&#8211; Attention aux bijoux ! Il est pr\u00e9f\u00e9rable de les retirer avant de faire les parcours<br \/>\n&#8211; Attention aux chutes d\u2019objet ! Ne gardez sur vous aucun objet susceptible de tomber (vider ses poches, enlever lunettes de soleil,&#8230;) , vous risquez de le perdre ou de blesser quelqu\u2019un en dessous. Si vous d\u00e9sirez emmener un objet avec vous, vous devez nous le signaler afin de v\u00e9rifier sa mise en s\u00e9curit\u00e9.<br \/>\n&#8211; Les cheveux longs doivent \u00eatre attach\u00e9s<br \/>\n&#8211; Les foulards, capuches et v\u00eatements amples sont interdits.<br \/>\n&#8211; Les sacoches, sacs \u00e0 dos et tout objet autour du cou sont interdits.<\/p>\n<p> L\u2019acc\u00e8s peut \u00eatre refus\u00e9 :<\/p>\n<p>&#8211; aux personnes ayant consomm\u00e9 de l\u2019alcool ou toute substance pouvant alt\u00e9rer ses capacit\u00e9s aux personnes ne r\u00e9alisant pas de fa\u00e7on autonome le parcours d\u2019initiation<br \/>\n&#8211; aux personnes ne respectant pas les r\u00e8gles d\u2019utilisation du mat\u00e9riel et des parcours<br \/>\n&#8211; aux personnes ne respectant pas les consignes de s\u00e9curit\u00e9 et le r\u00e8glement int\u00e9rieur<\/p>\n<p>Chaque pratiquant est \u00e9quip\u00e9 par nos soins avec son mat\u00e9riel de s\u00e9curit\u00e9 que nous lui avons fourni. Tout \u00e9quipement enlev\u00e9 et\/ou remis doit \u00eatre contr\u00f4l\u00e9 par un op\u00e9rateur.<br \/>\nL\u2019utilisation d\u2019un mat\u00e9riel autre que celui du parc n\u2019est pas autoris\u00e9e.<br \/>\nVOUS EFFECTUEZ LES DIFFERENTS PARCOURS EN PRATIQUE AUTONOME : VOUS \u00caTES RESPONSABLE DE VOTRE S\u00c9CURIT\u00c9 !<\/p>\n<p>Comportement durant les parcours :<\/p>\n<p>Adoptez en toute circonstance un comportement responsable, prudent et respectueux.<br \/>\nIl est interdit de fumer et de t\u00e9l\u00e9phoner pendant les parcours.<br \/>\nIl est strictement interdit d\u2019interrompre et\/ou de quitter un parcours sans l\u2019autorisation et l\u2019assistance d\u2019un op\u00e9rateur<br \/>\nEn cas de probl\u00e8me, pr\u00e9venir les op\u00e9rateurs du parcours par tout moyen utile<br \/>\nN\u2019INTERVENEZ PAS VOUS M\u00caME<\/p>\n<p>Pi\u00e9tons, visiteurs et accompagnants.<\/p>\n<p>Vous \u00eates autoris\u00e9s \u00e0 circuler librement sur les sentiers du parc. Merci de ne pas en sortir pour votre s\u00e9curit\u00e9 et par respect pour l\u2019environnement.<br \/>\nVous devez \u00eatre vigilants \u00e0 l\u2019\u00e9gard des autres pratiquants. Ne circulez pas et ne stationnez pas \u00e0 proximit\u00e9 des ateliers.<br \/>\nDes tables de pique nique sont \u00e0 votre disposition ainsi que des poubelles de tri.<br \/>\nSi vous cherchez des points de vue pour faire des photos, demandez \u00e0 l\u2019accueil, nous saurons vous conseiller. Pour votre s\u00e9curit\u00e9 et celle des pratiquants ne vous aventurez pas dans la for\u00eat. Respectez la signalisation.<br \/>\nLes animaux de compagnie sont tol\u00e9r\u00e9s tenus en laisse, uniquement sur le chemin principal.<br \/>\nL\u2019activit\u00e9 peut \u00eatre interrompue \u00e0 tout moment, en cas de vents forts, orages et fortes pluies, sur d\u00e9cision gouvernementale et sur d\u00e9cision de la direction du Tiki Parc Moorea.<\/p>\n<p>TIKI PARC MOOREA N\u2019ASSURE AUCUNE RESPONSABILIT\u00c9 EN CAS DE NON-RESPECT DES CONSIGNES DE S\u00c9CURIT\u00c9, DES REGLES D\u2019UTILISATION OU DU PR\u00c9SENT R\u00c8GLEMENT INT\u00c9RIEUR.<\/p>\n<p>AUCUNE OPTION DE REMBOURSEMENT N\u2019EST ENVISAGEABLE<br \/>\n[\/vc_column_text][\/vc_column][\/vc_row]<\/p>\n","protected":false},"excerpt":{"rendered":"<p>[vc_row][vc_column][vc_column_text]R\u00c8GLEMENT INT\u00c9RIEUR TIKI PARC MOOREA L\u2019acc\u00e8s aux parcours implique l\u2019acceptation du pr\u00e9sent r\u00e8glement int\u00e9rieur : Votre pr\u00e9sence sur le site du Tiki Parc Moorea, signifie que vous acceptez le pr\u00e9sent r\u00e8glement int\u00e9rieur. Le parcours acrobatique en hauteur est un espace d\u2019activit\u00e9 ludique permettant au participant de cheminer en hauteur, de fa\u00e7on autonome et plus ou [&hellip;]<\/p>\n","protected":false},"author":1,"featured_media":0,"parent":0,"menu_order":0,"comment_status":"closed","ping_status":"closed","template":"","meta":{"_mi_skip_tracking":false,"footnotes":""},"class_list":["post-8952","page","type-page","status-publish","hentry"],"yoast_head":"<!-- This site is optimized with the Yoast SEO plugin v20.1 - https:\/\/yoast.com\/wordpress\/plugins\/seo\/ -->\n<title>R\u00e8glement - Tiki Parc Moorea<\/title>\n<meta name=\"robots\" content=\"index, follow, max-snippet:-1, max-image-preview:large, max-video-preview:-1\" \/>\n<link rel=\"canonical\" href=\"https:\/\/tikiparcmoorea.com\/?page_id=8952\" \/>\n<meta property=\"og:locale\" content=\"fr_FR\" \/>\n<meta property=\"og:type\" content=\"article\" \/>\n<meta property=\"og:title\" content=\"R\u00e8glement - Tiki Parc Moorea\" \/>\n<meta property=\"og:description\" content=\"[vc_row][vc_column][vc_column_text]R\u00c8GLEMENT INT\u00c9RIEUR TIKI PARC MOOREA L\u2019acc\u00e8s aux parcours implique l\u2019acceptation du pr\u00e9sent r\u00e8glement int\u00e9rieur : Votre pr\u00e9sence sur le site du Tiki Parc Moorea, signifie que vous acceptez le pr\u00e9sent r\u00e8glement int\u00e9rieur. Le parcours acrobatique en hauteur est un espace d\u2019activit\u00e9 ludique permettant au participant de cheminer en hauteur, de fa\u00e7on autonome et plus ou [&hellip;]\" \/>\n<meta property=\"og:url\" content=\"https:\/\/tikiparcmoorea.com\/?page_id=8952\" \/>\n<meta property=\"og:site_name\" content=\"Tiki Parc Moorea\" \/>\n<meta property=\"article:publisher\" content=\"https:\/\/www.facebook.com\/\" \/>\n<meta property=\"article:modified_time\" content=\"2024-03-29T21:42:06+00:00\" \/>\n<meta name=\"twitter:card\" content=\"summary_large_image\" \/>\n<meta name=\"twitter:label1\" content=\"Dur\u00e9e de lecture estim\u00e9e\" \/>\n\t<meta name=\"twitter:data1\" content=\"5 minutes\" \/>\n<script type=\"application\/ld+json\" class=\"yoast-schema-graph\">{\"@context\":\"https:\/\/schema.org\",\"@graph\":[{\"@type\":\"WebPage\",\"@id\":\"https:\/\/tikiparcmoorea.com\/?page_id=8952\",\"url\":\"https:\/\/tikiparcmoorea.com\/?page_id=8952\",\"name\":\"R\u00e8glement - Tiki Parc Moorea\",\"isPartOf\":{\"@id\":\"https:\/\/tikiparcmoorea.com\/#website\"},\"datePublished\":\"2017-06-13T21:14:45+00:00\",\"dateModified\":\"2024-03-29T21:42:06+00:00\",\"breadcrumb\":{\"@id\":\"https:\/\/tikiparcmoorea.com\/?page_id=8952#breadcrumb\"},\"inLanguage\":\"fr-FR\",\"potentialAction\":[{\"@type\":\"ReadAction\",\"target\":[\"https:\/\/tikiparcmoorea.com\/?page_id=8952\"]}]},{\"@type\":\"BreadcrumbList\",\"@id\":\"https:\/\/tikiparcmoorea.com\/?page_id=8952#breadcrumb\",\"itemListElement\":[{\"@type\":\"ListItem\",\"position\":1,\"name\":\"Accueil\",\"item\":\"https:\/\/tikiparcmoorea.com\/\"},{\"@type\":\"ListItem\",\"position\":2,\"name\":\"R\u00e8glement\"}]},{\"@type\":\"WebSite\",\"@id\":\"https:\/\/tikiparcmoorea.com\/#website\",\"url\":\"https:\/\/tikiparcmoorea.com\/\",\"name\":\"Tiki Parc Moorea\",\"description\":\"\u00c9vadez-vous\",\"publisher\":{\"@id\":\"https:\/\/tikiparcmoorea.com\/#organization\"},\"potentialAction\":[{\"@type\":\"SearchAction\",\"target\":{\"@type\":\"EntryPoint\",\"urlTemplate\":\"https:\/\/tikiparcmoorea.com\/?s={search_term_string}\"},\"query-input\":\"required name=search_term_string\"}],\"inLanguage\":\"fr-FR\"},{\"@type\":\"Organization\",\"@id\":\"https:\/\/tikiparcmoorea.com\/#organization\",\"name\":\"Tiki Parc Moorea\",\"url\":\"https:\/\/tikiparcmoorea.com\/\",\"logo\":{\"@type\":\"ImageObject\",\"inLanguage\":\"fr-FR\",\"@id\":\"https:\/\/tikiparcmoorea.com\/#\/schema\/logo\/image\/\",\"url\":\"https:\/\/tikiparcmoorea.com\/wp-content\/uploads\/2025\/08\/LOGO-OFFICIELLE2.png\",\"contentUrl\":\"https:\/\/tikiparcmoorea.com\/wp-content\/uploads\/2025\/08\/LOGO-OFFICIELLE2.png\",\"width\":5000,\"height\":5000,\"caption\":\"Tiki Parc Moorea\"},\"image\":{\"@id\":\"https:\/\/tikiparcmoorea.com\/#\/schema\/logo\/image\/\"},\"sameAs\":[\"https:\/\/www.facebook.com\/\",\"https:\/\/www.instagram.com\/\"]}]}<\/script>\n<!-- \/ Yoast SEO plugin. -->","yoast_head_json":{"title":"R\u00e8glement - Tiki Parc Moorea","robots":{"index":"index","follow":"follow","max-snippet":"max-snippet:-1","max-image-preview":"max-image-preview:large","max-video-preview":"max-video-preview:-1"},"canonical":"https:\/\/tikiparcmoorea.com\/?page_id=8952","og_locale":"fr_FR","og_type":"article","og_title":"R\u00e8glement - Tiki Parc Moorea","og_description":"[vc_row][vc_column][vc_column_text]R\u00c8GLEMENT INT\u00c9RIEUR TIKI PARC MOOREA L\u2019acc\u00e8s aux parcours implique l\u2019acceptation du pr\u00e9sent r\u00e8glement int\u00e9rieur : Votre pr\u00e9sence sur le site du Tiki Parc Moorea, signifie que vous acceptez le pr\u00e9sent r\u00e8glement int\u00e9rieur. Le parcours acrobatique en hauteur est un espace d\u2019activit\u00e9 ludique permettant au participant de cheminer en hauteur, de fa\u00e7on autonome et plus ou [&hellip;]","og_url":"https:\/\/tikiparcmoorea.com\/?page_id=8952","og_site_name":"Tiki Parc Moorea","article_publisher":"https:\/\/www.facebook.com\/","article_modified_time":"2024-03-29T21:42:06+00:00","twitter_card":"summary_large_image","twitter_misc":{"Dur\u00e9e de lecture estim\u00e9e":"5 minutes"},"schema":{"@context":"https:\/\/schema.org","@graph":[{"@type":"WebPage","@id":"https:\/\/tikiparcmoorea.com\/?page_id=8952","url":"https:\/\/tikiparcmoorea.com\/?page_id=8952","name":"R\u00e8glement - Tiki Parc Moorea","isPartOf":{"@id":"https:\/\/tikiparcmoorea.com\/#website"},"datePublished":"2017-06-13T21:14:45+00:00","dateModified":"2024-03-29T21:42:06+00:00","breadcrumb":{"@id":"https:\/\/tikiparcmoorea.com\/?page_id=8952#breadcrumb"},"inLanguage":"fr-FR","potentialAction":[{"@type":"ReadAction","target":["https:\/\/tikiparcmoorea.com\/?page_id=8952"]}]},{"@type":"BreadcrumbList","@id":"https:\/\/tikiparcmoorea.com\/?page_id=8952#breadcrumb","itemListElement":[{"@type":"ListItem","position":1,"name":"Accueil","item":"https:\/\/tikiparcmoorea.com\/"},{"@type":"ListItem","position":2,"name":"R\u00e8glement"}]},{"@type":"WebSite","@id":"https:\/\/tikiparcmoorea.com\/#website","url":"https:\/\/tikiparcmoorea.com\/","name":"Tiki Parc Moorea","description":"\u00c9vadez-vous","publisher":{"@id":"https:\/\/tikiparcmoorea.com\/#organization"},"potentialAction":[{"@type":"SearchAction","target":{"@type":"EntryPoint","urlTemplate":"https:\/\/tikiparcmoorea.com\/?s={search_term_string}"},"query-input":"required name=search_term_string"}],"inLanguage":"fr-FR"},{"@type":"Organization","@id":"https:\/\/tikiparcmoorea.com\/#organization","name":"Tiki Parc Moorea","url":"https:\/\/tikiparcmoorea.com\/","logo":{"@type":"ImageObject","inLanguage":"fr-FR","@id":"https:\/\/tikiparcmoorea.com\/#\/schema\/logo\/image\/","url":"https:\/\/tikiparcmoorea.com\/wp-content\/uploads\/2025\/08\/LOGO-OFFICIELLE2.png","contentUrl":"https:\/\/tikiparcmoorea.com\/wp-content\/uploads\/2025\/08\/LOGO-OFFICIELLE2.png","width":5000,"height":5000,"caption":"Tiki Parc Moorea"},"image":{"@id":"https:\/\/tikiparcmoorea.com\/#\/schema\/logo\/image\/"},"sameAs":["https:\/\/www.facebook.com\/","https:\/\/www.instagram.com\/"]}]}},"_links":{"self":[{"href":"https:\/\/tikiparcmoorea.com\/index.php?rest_route=\/wp\/v2\/pages\/8952","targetHints":{"allow":["GET"]}}],"collection":[{"href":"https:\/\/tikiparcmoorea.com\/index.php?rest_route=\/wp\/v2\/pages"}],"about":[{"href":"https:\/\/tikiparcmoorea.com\/index.php?rest_route=\/wp\/v2\/types\/page"}],"author":[{"embeddable":true,"href":"https:\/\/tikiparcmoorea.com\/index.php?rest_route=\/wp\/v2\/users\/1"}],"replies":[{"embeddable":true,"href":"https:\/\/tikiparcmoorea.com\/index.php?rest_route=%2Fwp%2Fv2%2Fcomments&post=8952"}],"version-history":[{"count":5,"href":"https:\/\/tikiparcmoorea.com\/index.php?rest_route=\/wp\/v2\/pages\/8952\/revisions"}],"predecessor-version":[{"id":9809,"href":"https:\/\/tikiparcmoorea.com\/index.php?rest_route=\/wp\/v2\/pages\/8952\/revisions\/9809"}],"wp:attachment":[{"href":"https:\/\/tikiparcmoorea.com\/index.php?rest_route=%2Fwp%2Fv2%2Fmedia&parent=8952"}],"curies":[{"name":"wp","href":"https:\/\/api.w.org\/{rel}","templated":true}]}}