{"id":8938,"date":"2017-06-13T21:25:18","date_gmt":"2017-06-13T19:25:18","guid":{"rendered":"http:\/\/tikiparcmoorea.com\/?page_id=8938"},"modified":"2025-05-15T01:45:18","modified_gmt":"2025-05-14T23:45:18","slug":"tarifs","status":"publish","type":"page","link":"https:\/\/tikiparcmoorea.com\/?page_id=8938","title":{"rendered":"Tarifs"},"content":{"rendered":"<p>[vc_row padding_size=&#8221;s-padding&#8221;][vc_column width=&#8221;1\/3&#8243;][wyde_pricing_box heading=&#8221;Entr\u00e9e Enfant&#8221; sub_heading=&#8221;De 3 \u00e0 7 ans&#8221; image=&#8221;9013&#8243; price=&#8221;3100 F&#8221; color=&#8221;#afafaf&#8221; button_text=&#8221;R\u00e9servez !&#8221; button_color=&#8221;#afafaf&#8221; link=&#8221;url:https%3A%2F%2Ftikiparcmoorea.com%2Findex.php%2Freservations-2%2F|||&#8221;]<\/p>\n<p class=\"p1\" style=\"text-align: center;\"><span class=\"s1\">2 parcours Tamari&#8217;i d\u00e9di\u00e9s \u00e0 leurs tailles<\/span><\/p>\n<p class=\"p1\" style=\"text-align: center;\"><span class=\"s1\">Passages illimit\u00e9s<\/span><\/p>\n<p class=\"p1\" style=\"text-align: center;\"><span class=\"s1\">Tiki FIU OFFERT<\/span><\/p>\n<p>[\/wyde_pricing_box][\/vc_column][vc_column width=&#8221;1\/3&#8243;][wyde_pricing_box heading=&#8221;Entr\u00e9e Adulte&#8221; sub_heading=&#8221;\u00c0 partir de 8 ans&#8221; image=&#8221;8961&#8243; price=&#8221; 5600 F&#8221; color=&#8221;#ffb11b&#8221; button_text=&#8221;R\u00e9servez !&#8221; button_color=&#8221;#ffb11b&#8221; link=&#8221;url:https%3A%2F%2Ftikiparcmoorea.com%2Findex.php%2Freservations-2%2F|||&#8221;]<\/p>\n<p class=\"p1\" style=\"text-align: center;\"><span class=\"s1\">5 parcours<\/span><\/p>\n<p class=\"p1\" style=\"text-align: center;\"><span class=\"s1\">Passages illimit\u00e9s<\/span><\/p>\n<p class=\"p1\" style=\"text-align: center;\"><span class=\"s1\">Tiki FIU OFFERT<\/span><\/p>\n<p>[\/wyde_pricing_box][\/vc_column][vc_column width=&#8221;1\/3&#8243;][wyde_pricing_box heading=&#8221;Groupes&#8221; sub_heading=&#8221;\u00c0 partir de 10 personnes&#8221; image=&#8221;9014&#8243; price=&#8221;-10% \u00e0 -50%&#8221; price_unit=&#8221;DE&#8221; price_term=&#8221;Minimum 10 personnes&#8221; button_text=&#8221;R\u00e9servez !&#8221; link=&#8221;url:https%3A%2F%2Ftikiparcmoorea.com%2Findex.php%2Freservations-2%2F|||&#8221;]<\/p>\n<p class=\"p1\" style=\"text-align: center;\"><span class=\"s1\">Remise de 10% \u00e0 partir de 10 personnes<\/span><\/p>\n<p class=\"p1\" style=\"text-align: center;\"><span class=\"s1\">Remise de 20 % \u00e0 partir de 20 personnes<\/span><\/p>\n<p class=\"p1\" style=\"text-align: center;\"><span class=\"s1\">Tarifs Groupe scolaire, Comit\u00e9s d&#8217;entreprise, Associations, etc&#8230; Nous contacter<\/span><\/p>\n<p>[\/wyde_pricing_box][\/vc_column][\/vc_row][vc_row][vc_column][vc_column_text]<\/p>\n<p>Vous pouvez r\u00e9gler en esp\u00e8ces, par carte bancaire ou en ch\u00e8que.<\/p>\n<p>[\/vc_column_text][\/vc_column][\/vc_row]<\/p>\n","protected":false},"excerpt":{"rendered":"<p>[vc_row padding_size=&#8221;s-padding&#8221;][vc_column width=&#8221;1\/3&#8243;][wyde_pricing_box heading=&#8221;Entr\u00e9e Enfant&#8221; sub_heading=&#8221;De 3 \u00e0 7 ans&#8221; image=&#8221;9013&#8243; price=&#8221;3100 F&#8221; color=&#8221;#afafaf&#8221; button_text=&#8221;R\u00e9servez !&#8221; button_color=&#8221;#afafaf&#8221; link=&#8221;url:https%3A%2F%2Ftikiparcmoorea.com%2Findex.php%2Freservations-2%2F|||&#8221;] 2 parcours Tamari&#8217;i d\u00e9di\u00e9s \u00e0 leurs tailles Passages illimit\u00e9s Tiki FIU OFFERT [\/wyde_pricing_box][\/vc_column][vc_column width=&#8221;1\/3&#8243;][wyde_pricing_box heading=&#8221;Entr\u00e9e Adulte&#8221; sub_heading=&#8221;\u00c0 partir de 8 ans&#8221; image=&#8221;8961&#8243; price=&#8221; 5600 F&#8221; color=&#8221;#ffb11b&#8221; button_text=&#8221;R\u00e9servez !&#8221; button_color=&#8221;#ffb11b&#8221; link=&#8221;url:https%3A%2F%2Ftikiparcmoorea.com%2Findex.php%2Freservations-2%2F|||&#8221;] 5 parcours Passages illimit\u00e9s Tiki FIU OFFERT [&hellip;]<\/p>\n","protected":false},"author":1,"featured_media":9729,"parent":0,"menu_order":0,"comment_status":"closed","ping_status":"closed","template":"","meta":{"_mi_skip_tracking":false,"footnotes":""},"class_list":["post-8938","page","type-page","status-publish","has-post-thumbnail","hentry"],"yoast_head":"<!-- This site is optimized with the Yoast SEO plugin v20.1 - https:\/\/yoast.com\/wordpress\/plugins\/seo\/ -->\n<title>Tarifs - Tiki Parc Moorea<\/title>\n<meta name=\"description\" content=\"Tarifs \/ Voici les diff\u00e9rents tarifs propos\u00e9s par le Tiki Parc Moorea. R\u00e9servation rapide et facile. Tarifs adapt\u00e9s aux diff\u00e9rents parcours.\" \/>\n<meta name=\"robots\" content=\"index, follow, max-snippet:-1, max-image-preview:large, max-video-preview:-1\" \/>\n<link rel=\"canonical\" href=\"https:\/\/tikiparcmoorea.com\/?page_id=8938\" \/>\n<meta property=\"og:locale\" content=\"fr_FR\" \/>\n<meta property=\"og:type\" content=\"article\" \/>\n<meta property=\"og:title\" content=\"Tarifs - Tiki Parc Moorea\" \/>\n<meta property=\"og:description\" content=\"Tarifs \/ Voici les diff\u00e9rents tarifs propos\u00e9s par le Tiki Parc Moorea. R\u00e9servation rapide et facile. Tarifs adapt\u00e9s aux diff\u00e9rents parcours.\" \/>\n<meta property=\"og:url\" content=\"https:\/\/tikiparcmoorea.com\/?page_id=8938\" \/>\n<meta property=\"og:site_name\" content=\"Tiki Parc Moorea\" \/>\n<meta property=\"article:publisher\" content=\"https:\/\/www.facebook.com\/\" \/>\n<meta property=\"article:modified_time\" content=\"2025-05-14T23:45:18+00:00\" \/>\n<meta property=\"og:image\" content=\"https:\/\/tikiparcmoorea.com\/wp-content\/uploads\/2024\/03\/9EC5B8CA-17E5-41FF-80B7-DA7F7DA570E1-scaled.jpeg\" \/>\n\t<meta property=\"og:image:width\" content=\"2560\" \/>\n\t<meta property=\"og:image:height\" content=\"1707\" \/>\n\t<meta property=\"og:image:type\" content=\"image\/jpeg\" \/>\n<meta name=\"twitter:card\" content=\"summary_large_image\" \/>\n<meta name=\"twitter:label1\" content=\"Dur\u00e9e de lecture estim\u00e9e\" \/>\n\t<meta name=\"twitter:data1\" content=\"1 minute\" \/>\n<script type=\"application\/ld+json\" class=\"yoast-schema-graph\">{\"@context\":\"https:\/\/schema.org\",\"@graph\":[{\"@type\":\"WebPage\",\"@id\":\"https:\/\/tikiparcmoorea.com\/?page_id=8938\",\"url\":\"https:\/\/tikiparcmoorea.com\/?page_id=8938\",\"name\":\"Tarifs - Tiki Parc Moorea\",\"isPartOf\":{\"@id\":\"https:\/\/tikiparcmoorea.com\/#website\"},\"datePublished\":\"2017-06-13T19:25:18+00:00\",\"dateModified\":\"2025-05-14T23:45:18+00:00\",\"description\":\"Tarifs \/ Voici les diff\u00e9rents tarifs propos\u00e9s par le Tiki Parc Moorea. R\u00e9servation rapide et facile. Tarifs adapt\u00e9s aux diff\u00e9rents parcours.\",\"breadcrumb\":{\"@id\":\"https:\/\/tikiparcmoorea.com\/?page_id=8938#breadcrumb\"},\"inLanguage\":\"fr-FR\",\"potentialAction\":[{\"@type\":\"ReadAction\",\"target\":[\"https:\/\/tikiparcmoorea.com\/?page_id=8938\"]}]},{\"@type\":\"BreadcrumbList\",\"@id\":\"https:\/\/tikiparcmoorea.com\/?page_id=8938#breadcrumb\",\"itemListElement\":[{\"@type\":\"ListItem\",\"position\":1,\"name\":\"Accueil\",\"item\":\"https:\/\/tikiparcmoorea.com\/\"},{\"@type\":\"ListItem\",\"position\":2,\"name\":\"Tarifs\"}]},{\"@type\":\"WebSite\",\"@id\":\"https:\/\/tikiparcmoorea.com\/#website\",\"url\":\"https:\/\/tikiparcmoorea.com\/\",\"name\":\"Tiki Parc Moorea\",\"description\":\"\u00c9vadez-vous\",\"publisher\":{\"@id\":\"https:\/\/tikiparcmoorea.com\/#organization\"},\"potentialAction\":[{\"@type\":\"SearchAction\",\"target\":{\"@type\":\"EntryPoint\",\"urlTemplate\":\"https:\/\/tikiparcmoorea.com\/?s={search_term_string}\"},\"query-input\":\"required name=search_term_string\"}],\"inLanguage\":\"fr-FR\"},{\"@type\":\"Organization\",\"@id\":\"https:\/\/tikiparcmoorea.com\/#organization\",\"name\":\"Tiki Parc Moorea\",\"url\":\"https:\/\/tikiparcmoorea.com\/\",\"logo\":{\"@type\":\"ImageObject\",\"inLanguage\":\"fr-FR\",\"@id\":\"https:\/\/tikiparcmoorea.com\/#\/schema\/logo\/image\/\",\"url\":\"https:\/\/tikiparcmoorea.com\/wp-content\/uploads\/2025\/08\/LOGO-OFFICIELLE2.png\",\"contentUrl\":\"https:\/\/tikiparcmoorea.com\/wp-content\/uploads\/2025\/08\/LOGO-OFFICIELLE2.png\",\"width\":5000,\"height\":5000,\"caption\":\"Tiki Parc Moorea\"},\"image\":{\"@id\":\"https:\/\/tikiparcmoorea.com\/#\/schema\/logo\/image\/\"},\"sameAs\":[\"https:\/\/www.facebook.com\/\",\"https:\/\/www.instagram.com\/\"]}]}<\/script>\n<!-- \/ Yoast SEO plugin. -->","yoast_head_json":{"title":"Tarifs - Tiki Parc Moorea","description":"Tarifs \/ Voici les diff\u00e9rents tarifs propos\u00e9s par le Tiki Parc Moorea. R\u00e9servation rapide et facile. Tarifs adapt\u00e9s aux diff\u00e9rents parcours.","robots":{"index":"index","follow":"follow","max-snippet":"max-snippet:-1","max-image-preview":"max-image-preview:large","max-video-preview":"max-video-preview:-1"},"canonical":"https:\/\/tikiparcmoorea.com\/?page_id=8938","og_locale":"fr_FR","og_type":"article","og_title":"Tarifs - Tiki Parc Moorea","og_description":"Tarifs \/ Voici les diff\u00e9rents tarifs propos\u00e9s par le Tiki Parc Moorea. R\u00e9servation rapide et facile. Tarifs adapt\u00e9s aux diff\u00e9rents parcours.","og_url":"https:\/\/tikiparcmoorea.com\/?page_id=8938","og_site_name":"Tiki Parc Moorea","article_publisher":"https:\/\/www.facebook.com\/","article_modified_time":"2025-05-14T23:45:18+00:00","og_image":[{"width":2560,"height":1707,"url":"https:\/\/tikiparcmoorea.com\/wp-content\/uploads\/2024\/03\/9EC5B8CA-17E5-41FF-80B7-DA7F7DA570E1-scaled.jpeg","type":"image\/jpeg"}],"twitter_card":"summary_large_image","twitter_misc":{"Dur\u00e9e de lecture estim\u00e9e":"1 minute"},"schema":{"@context":"https:\/\/schema.org","@graph":[{"@type":"WebPage","@id":"https:\/\/tikiparcmoorea.com\/?page_id=8938","url":"https:\/\/tikiparcmoorea.com\/?page_id=8938","name":"Tarifs - Tiki Parc Moorea","isPartOf":{"@id":"https:\/\/tikiparcmoorea.com\/#website"},"datePublished":"2017-06-13T19:25:18+00:00","dateModified":"2025-05-14T23:45:18+00:00","description":"Tarifs \/ Voici les diff\u00e9rents tarifs propos\u00e9s par le Tiki Parc Moorea. R\u00e9servation rapide et facile. Tarifs adapt\u00e9s aux diff\u00e9rents parcours.","breadcrumb":{"@id":"https:\/\/tikiparcmoorea.com\/?page_id=8938#breadcrumb"},"inLanguage":"fr-FR","potentialAction":[{"@type":"ReadAction","target":["https:\/\/tikiparcmoorea.com\/?page_id=8938"]}]},{"@type":"BreadcrumbList","@id":"https:\/\/tikiparcmoorea.com\/?page_id=8938#breadcrumb","itemListElement":[{"@type":"ListItem","position":1,"name":"Accueil","item":"https:\/\/tikiparcmoorea.com\/"},{"@type":"ListItem","position":2,"name":"Tarifs"}]},{"@type":"WebSite","@id":"https:\/\/tikiparcmoorea.com\/#website","url":"https:\/\/tikiparcmoorea.com\/","name":"Tiki Parc Moorea","description":"\u00c9vadez-vous","publisher":{"@id":"https:\/\/tikiparcmoorea.com\/#organization"},"potentialAction":[{"@type":"SearchAction","target":{"@type":"EntryPoint","urlTemplate":"https:\/\/tikiparcmoorea.com\/?s={search_term_string}"},"query-input":"required name=search_term_string"}],"inLanguage":"fr-FR"},{"@type":"Organization","@id":"https:\/\/tikiparcmoorea.com\/#organization","name":"Tiki Parc Moorea","url":"https:\/\/tikiparcmoorea.com\/","logo":{"@type":"ImageObject","inLanguage":"fr-FR","@id":"https:\/\/tikiparcmoorea.com\/#\/schema\/logo\/image\/","url":"https:\/\/tikiparcmoorea.com\/wp-content\/uploads\/2025\/08\/LOGO-OFFICIELLE2.png","contentUrl":"https:\/\/tikiparcmoorea.com\/wp-content\/uploads\/2025\/08\/LOGO-OFFICIELLE2.png","width":5000,"height":5000,"caption":"Tiki Parc Moorea"},"image":{"@id":"https:\/\/tikiparcmoorea.com\/#\/schema\/logo\/image\/"},"sameAs":["https:\/\/www.facebook.com\/","https:\/\/www.instagram.com\/"]}]}},"_links":{"self":[{"href":"https:\/\/tikiparcmoorea.com\/index.php?rest_route=\/wp\/v2\/pages\/8938","targetHints":{"allow":["GET"]}}],"collection":[{"href":"https:\/\/tikiparcmoorea.com\/index.php?rest_route=\/wp\/v2\/pages"}],"about":[{"href":"https:\/\/tikiparcmoorea.com\/index.php?rest_route=\/wp\/v2\/types\/page"}],"author":[{"embeddable":true,"href":"https:\/\/tikiparcmoorea.com\/index.php?rest_route=\/wp\/v2\/users\/1"}],"replies":[{"embeddable":true,"href":"https:\/\/tikiparcmoorea.com\/index.php?rest_route=%2Fwp%2Fv2%2Fcomments&post=8938"}],"version-history":[{"count":22,"href":"https:\/\/tikiparcmoorea.com\/index.php?rest_route=\/wp\/v2\/pages\/8938\/revisions"}],"predecessor-version":[{"id":9894,"href":"https:\/\/tikiparcmoorea.com\/index.php?rest_route=\/wp\/v2\/pages\/8938\/revisions\/9894"}],"wp:featuredmedia":[{"embeddable":true,"href":"https:\/\/tikiparcmoorea.com\/index.php?rest_route=\/wp\/v2\/media\/9729"}],"wp:attachment":[{"href":"https:\/\/tikiparcmoorea.com\/index.php?rest_route=%2Fwp%2Fv2%2Fmedia&parent=8938"}],"curies":[{"name":"wp","href":"https:\/\/api.w.org\/{rel}","templated":true}]}}