{"id":8934,"date":"2017-06-13T21:22:38","date_gmt":"2017-06-13T19:22:38","guid":{"rendered":"http:\/\/tikiparcmoorea.com\/?page_id=8934"},"modified":"2017-07-25T00:54:28","modified_gmt":"2017-07-24T22:54:28","slug":"securite","status":"publish","type":"page","link":"https:\/\/tikiparcmoorea.com\/?page_id=8934","title":{"rendered":"S\u00e9curit\u00e9"},"content":{"rendered":"<p>[vc_row][vc_column width=&#8221;1\/2&#8243;][vc_column_text]<\/p>\n<p style=\"text-align: justify;\"><span style=\"font-size: 14pt;\"><strong><span style=\"color: #333333;\">Le syst\u00e8me de protection contre les chutes de hauteur est un<\/span> <span style=\"color: #339966;\">syst\u00e8me de ligne vie continue<\/span><span style=\"color: #008000;\">,<\/span> <span style=\"color: #333333;\">il est donc impossible de se d\u00e9crocher durant le parcours et de faire demi tour. Il est important de <u>bien consulter le descriptif<\/u> de la piste que vous avez choisie affich\u00e9 au d\u00e9part et \u00e0 l\u2019accueil <u>avant de vous y engager<\/u>.<\/span><\/strong><\/span><\/p>\n<p>[\/vc_column_text][\/vc_column][vc_column width=&#8221;1\/2&#8243;][wyde_image_gallery hover_effect=&#8221;rotateZoomIn&#8221; images=&#8221;9149,9150,9180,9169&#8243;][\/vc_column][\/vc_row][vc_row][vc_column][vc_empty_space][vc_column_text]<\/p>\n<p style=\"text-align: center;\"><span style=\"font-size: 18pt; color: #333333;\"><strong><u>Consignes de s\u00e9curit\u00e9\u00a0:<\/u><\/strong><\/span><\/p>\n<p><span style=\"color: #333333;\"><strong>1 personne par atelier<br \/>\n<\/strong><strong>2 personnes par plateforme<\/strong><\/span><\/p>\n<p><span style=\"color: #333333;\"><strong>Toujours attendre que la tyrolienne soit libre (personne sur le c\u00e2ble et personne sur les matelas de r\u00e9ception) avant de s\u2019engager.<\/strong><\/span><\/p>\n<p><span style=\"color: #333333;\"><strong>Cheveux longs attach\u00e9s<br \/>\n<\/strong><strong>Ne pas emporter d\u2019objets qui pourraient tomber durant les parcours<br \/>\n<\/strong><strong>Consulter le pictogramme avant de s\u2019engager sur un atelier<br \/>\n<\/strong><strong>Utiliser votre \u00e9quipement comme indiqu\u00e9 lors de l\u2019initiation<br \/>\n<\/strong><strong>Ne pas sauter sur les ateliers<br \/>\n<\/strong><strong>Ne pas courir sur les passerelles<br \/>\n<\/strong><strong>Faire v\u00e9rifier son baudrier \u00e0 chaque d\u00e9part de piste par un op\u00e9rateur<\/strong><\/span>[\/vc_column_text][\/vc_column][\/vc_row]<\/p>\n","protected":false},"excerpt":{"rendered":"<p>[vc_row][vc_column width=&#8221;1\/2&#8243;][vc_column_text] Le syst\u00e8me de protection contre les chutes de hauteur est un syst\u00e8me de ligne vie continue, il est donc impossible de se d\u00e9crocher durant le parcours et de faire demi tour. Il est important de bien consulter le descriptif de la piste que vous avez choisie affich\u00e9 au d\u00e9part et \u00e0 l\u2019accueil avant [&hellip;]<\/p>\n","protected":false},"author":1,"featured_media":0,"parent":0,"menu_order":0,"comment_status":"closed","ping_status":"closed","template":"","meta":{"_mi_skip_tracking":false,"footnotes":""},"class_list":["post-8934","page","type-page","status-publish","hentry"],"yoast_head":"<!-- This site is optimized with the Yoast SEO plugin v20.1 - https:\/\/yoast.com\/wordpress\/plugins\/seo\/ -->\n<title>S\u00e9curit\u00e9 - Tiki Parc Moorea<\/title>\n<meta name=\"robots\" content=\"index, follow, max-snippet:-1, max-image-preview:large, max-video-preview:-1\" \/>\n<link rel=\"canonical\" href=\"https:\/\/tikiparcmoorea.com\/?page_id=8934\" \/>\n<meta property=\"og:locale\" content=\"fr_FR\" \/>\n<meta property=\"og:type\" content=\"article\" \/>\n<meta property=\"og:title\" content=\"S\u00e9curit\u00e9 - Tiki Parc Moorea\" \/>\n<meta property=\"og:description\" content=\"[vc_row][vc_column width=&#8221;1\/2&#8243;][vc_column_text] Le syst\u00e8me de protection contre les chutes de hauteur est un syst\u00e8me de ligne vie continue, il est donc impossible de se d\u00e9crocher durant le parcours et de faire demi tour. Il est important de bien consulter le descriptif de la piste que vous avez choisie affich\u00e9 au d\u00e9part et \u00e0 l\u2019accueil avant [&hellip;]\" \/>\n<meta property=\"og:url\" content=\"https:\/\/tikiparcmoorea.com\/?page_id=8934\" \/>\n<meta property=\"og:site_name\" content=\"Tiki Parc Moorea\" \/>\n<meta property=\"article:publisher\" content=\"https:\/\/www.facebook.com\/\" \/>\n<meta property=\"article:modified_time\" content=\"2017-07-24T22:54:28+00:00\" \/>\n<meta name=\"twitter:card\" content=\"summary_large_image\" \/>\n<meta name=\"twitter:label1\" content=\"Dur\u00e9e de lecture estim\u00e9e\" \/>\n\t<meta name=\"twitter:data1\" content=\"1 minute\" \/>\n<script type=\"application\/ld+json\" class=\"yoast-schema-graph\">{\"@context\":\"https:\/\/schema.org\",\"@graph\":[{\"@type\":\"WebPage\",\"@id\":\"https:\/\/tikiparcmoorea.com\/?page_id=8934\",\"url\":\"https:\/\/tikiparcmoorea.com\/?page_id=8934\",\"name\":\"S\u00e9curit\u00e9 - Tiki Parc Moorea\",\"isPartOf\":{\"@id\":\"https:\/\/tikiparcmoorea.com\/#website\"},\"datePublished\":\"2017-06-13T19:22:38+00:00\",\"dateModified\":\"2017-07-24T22:54:28+00:00\",\"breadcrumb\":{\"@id\":\"https:\/\/tikiparcmoorea.com\/?page_id=8934#breadcrumb\"},\"inLanguage\":\"fr-FR\",\"potentialAction\":[{\"@type\":\"ReadAction\",\"target\":[\"https:\/\/tikiparcmoorea.com\/?page_id=8934\"]}]},{\"@type\":\"BreadcrumbList\",\"@id\":\"https:\/\/tikiparcmoorea.com\/?page_id=8934#breadcrumb\",\"itemListElement\":[{\"@type\":\"ListItem\",\"position\":1,\"name\":\"Accueil\",\"item\":\"https:\/\/tikiparcmoorea.com\/\"},{\"@type\":\"ListItem\",\"position\":2,\"name\":\"S\u00e9curit\u00e9\"}]},{\"@type\":\"WebSite\",\"@id\":\"https:\/\/tikiparcmoorea.com\/#website\",\"url\":\"https:\/\/tikiparcmoorea.com\/\",\"name\":\"Tiki Parc Moorea\",\"description\":\"\u00c9vadez-vous\",\"publisher\":{\"@id\":\"https:\/\/tikiparcmoorea.com\/#organization\"},\"potentialAction\":[{\"@type\":\"SearchAction\",\"target\":{\"@type\":\"EntryPoint\",\"urlTemplate\":\"https:\/\/tikiparcmoorea.com\/?s={search_term_string}\"},\"query-input\":\"required name=search_term_string\"}],\"inLanguage\":\"fr-FR\"},{\"@type\":\"Organization\",\"@id\":\"https:\/\/tikiparcmoorea.com\/#organization\",\"name\":\"Tiki Parc Moorea\",\"url\":\"https:\/\/tikiparcmoorea.com\/\",\"logo\":{\"@type\":\"ImageObject\",\"inLanguage\":\"fr-FR\",\"@id\":\"https:\/\/tikiparcmoorea.com\/#\/schema\/logo\/image\/\",\"url\":\"https:\/\/tikiparcmoorea.com\/wp-content\/uploads\/2025\/08\/LOGO-OFFICIELLE2.png\",\"contentUrl\":\"https:\/\/tikiparcmoorea.com\/wp-content\/uploads\/2025\/08\/LOGO-OFFICIELLE2.png\",\"width\":5000,\"height\":5000,\"caption\":\"Tiki Parc Moorea\"},\"image\":{\"@id\":\"https:\/\/tikiparcmoorea.com\/#\/schema\/logo\/image\/\"},\"sameAs\":[\"https:\/\/www.facebook.com\/\",\"https:\/\/www.instagram.com\/\"]}]}<\/script>\n<!-- \/ Yoast SEO plugin. -->","yoast_head_json":{"title":"S\u00e9curit\u00e9 - Tiki Parc Moorea","robots":{"index":"index","follow":"follow","max-snippet":"max-snippet:-1","max-image-preview":"max-image-preview:large","max-video-preview":"max-video-preview:-1"},"canonical":"https:\/\/tikiparcmoorea.com\/?page_id=8934","og_locale":"fr_FR","og_type":"article","og_title":"S\u00e9curit\u00e9 - Tiki Parc Moorea","og_description":"[vc_row][vc_column width=&#8221;1\/2&#8243;][vc_column_text] Le syst\u00e8me de protection contre les chutes de hauteur est un syst\u00e8me de ligne vie continue, il est donc impossible de se d\u00e9crocher durant le parcours et de faire demi tour. Il est important de bien consulter le descriptif de la piste que vous avez choisie affich\u00e9 au d\u00e9part et \u00e0 l\u2019accueil avant [&hellip;]","og_url":"https:\/\/tikiparcmoorea.com\/?page_id=8934","og_site_name":"Tiki Parc Moorea","article_publisher":"https:\/\/www.facebook.com\/","article_modified_time":"2017-07-24T22:54:28+00:00","twitter_card":"summary_large_image","twitter_misc":{"Dur\u00e9e de lecture estim\u00e9e":"1 minute"},"schema":{"@context":"https:\/\/schema.org","@graph":[{"@type":"WebPage","@id":"https:\/\/tikiparcmoorea.com\/?page_id=8934","url":"https:\/\/tikiparcmoorea.com\/?page_id=8934","name":"S\u00e9curit\u00e9 - Tiki Parc Moorea","isPartOf":{"@id":"https:\/\/tikiparcmoorea.com\/#website"},"datePublished":"2017-06-13T19:22:38+00:00","dateModified":"2017-07-24T22:54:28+00:00","breadcrumb":{"@id":"https:\/\/tikiparcmoorea.com\/?page_id=8934#breadcrumb"},"inLanguage":"fr-FR","potentialAction":[{"@type":"ReadAction","target":["https:\/\/tikiparcmoorea.com\/?page_id=8934"]}]},{"@type":"BreadcrumbList","@id":"https:\/\/tikiparcmoorea.com\/?page_id=8934#breadcrumb","itemListElement":[{"@type":"ListItem","position":1,"name":"Accueil","item":"https:\/\/tikiparcmoorea.com\/"},{"@type":"ListItem","position":2,"name":"S\u00e9curit\u00e9"}]},{"@type":"WebSite","@id":"https:\/\/tikiparcmoorea.com\/#website","url":"https:\/\/tikiparcmoorea.com\/","name":"Tiki Parc Moorea","description":"\u00c9vadez-vous","publisher":{"@id":"https:\/\/tikiparcmoorea.com\/#organization"},"potentialAction":[{"@type":"SearchAction","target":{"@type":"EntryPoint","urlTemplate":"https:\/\/tikiparcmoorea.com\/?s={search_term_string}"},"query-input":"required name=search_term_string"}],"inLanguage":"fr-FR"},{"@type":"Organization","@id":"https:\/\/tikiparcmoorea.com\/#organization","name":"Tiki Parc Moorea","url":"https:\/\/tikiparcmoorea.com\/","logo":{"@type":"ImageObject","inLanguage":"fr-FR","@id":"https:\/\/tikiparcmoorea.com\/#\/schema\/logo\/image\/","url":"https:\/\/tikiparcmoorea.com\/wp-content\/uploads\/2025\/08\/LOGO-OFFICIELLE2.png","contentUrl":"https:\/\/tikiparcmoorea.com\/wp-content\/uploads\/2025\/08\/LOGO-OFFICIELLE2.png","width":5000,"height":5000,"caption":"Tiki Parc Moorea"},"image":{"@id":"https:\/\/tikiparcmoorea.com\/#\/schema\/logo\/image\/"},"sameAs":["https:\/\/www.facebook.com\/","https:\/\/www.instagram.com\/"]}]}},"_links":{"self":[{"href":"https:\/\/tikiparcmoorea.com\/index.php?rest_route=\/wp\/v2\/pages\/8934","targetHints":{"allow":["GET"]}}],"collection":[{"href":"https:\/\/tikiparcmoorea.com\/index.php?rest_route=\/wp\/v2\/pages"}],"about":[{"href":"https:\/\/tikiparcmoorea.com\/index.php?rest_route=\/wp\/v2\/types\/page"}],"author":[{"embeddable":true,"href":"https:\/\/tikiparcmoorea.com\/index.php?rest_route=\/wp\/v2\/users\/1"}],"replies":[{"embeddable":true,"href":"https:\/\/tikiparcmoorea.com\/index.php?rest_route=%2Fwp%2Fv2%2Fcomments&post=8934"}],"version-history":[{"count":9,"href":"https:\/\/tikiparcmoorea.com\/index.php?rest_route=\/wp\/v2\/pages\/8934\/revisions"}],"predecessor-version":[{"id":9182,"href":"https:\/\/tikiparcmoorea.com\/index.php?rest_route=\/wp\/v2\/pages\/8934\/revisions\/9182"}],"wp:attachment":[{"href":"https:\/\/tikiparcmoorea.com\/index.php?rest_route=%2Fwp%2Fv2%2Fmedia&parent=8934"}],"curies":[{"name":"wp","href":"https:\/\/api.w.org\/{rel}","templated":true}]}}