{"id":8878,"date":"2017-06-13T08:43:41","date_gmt":"2017-06-13T06:43:41","guid":{"rendered":"http:\/\/tikiparcmoorea.com\/?page_id=8878"},"modified":"2024-03-07T01:47:59","modified_gmt":"2024-03-07T00:47:59","slug":"tikinui","status":"publish","type":"page","link":"https:\/\/tikiparcmoorea.com\/?page_id=8878","title":{"rendered":"Tiki Nui"},"content":{"rendered":"<p>[vc_row row_style=&#8221;full-width&#8221; padding_size=&#8221;no-padding&#8221;][vc_column padding_size=&#8221;no-padding&#8221;][wyde_section_separator reflect=&#8221;reflect-h&#8221; background_color=&#8221;#ffffff&#8221; shape_color=&#8221;#f90000&#8243;][\/vc_column][\/vc_row][vc_row][vc_column width=&#8221;1\/3&#8243;][wyde_heading style=&#8221;8&#8243; text_align=&#8221;left&#8221; title=&#8221;Niveau 3<br \/>\n14 Ateliers&#8221;][vc_empty_space height=&#8221;20px&#8221;][vc_row_inner][vc_column_inner background_color=&#8221;#f90000&#8243;][wyde_info_box icon_set=&#8221;farming&#8221; icon_size=&#8221;large&#8221; color=&#8221;#fee299&#8243;]<\/p>\n<h3><span style=\"color: #ffffff;\">Tyroliennes x 10<br \/>\nPont filet \u00e0 marcher<br \/>\nTyrolienne montantes<br \/>\nRampe<br \/>\nBalan\u00e7oire de g\u00e9ant<\/span><\/h3>\n<p>[\/wyde_info_box][\/vc_column_inner][\/vc_row_inner][\/vc_column][vc_column width=&#8221;2\/3&#8243;][vc_single_image alignment=&#8221;center&#8221; image=&#8221;11&#8243;][vc_column_text]<\/p>\n<p><span style=\"font-size: 14pt; color: #000000;\"><strong>Le parcours de tyroliennes rien que pour le plaisir de se laisser porter dans les airs.<\/strong><\/span><\/p>\n<p><span style=\"font-size: 12pt;\"><strong>Enfants : \u00e0 partir de 8 ans, test obligatoire sur les tyroliennes du Tiki Iti<br \/>Taille minimum : 1,25 m<br \/>Poids : 110 Kgs max<br \/>Engagement physique : moyen<br \/>Hauteur plateformes : 14 M maximum<br \/>Encadrement : en autonomie<br \/>\u00c9quipement : Baudrier complet<br \/>Longueur maximum des tyroliennes : 120 m<\/strong><\/span><\/p>\n<p>[\/vc_column_text][vc_empty_space height=&#8221;40px&#8221;][wyde_image_gallery image_size=&#8221;gogreen-large&#8221; gallery_type=&#8221;slider&#8221; visible_items=&#8221;4&#8243; images=&#8221;9176,9013,9014,9015&#8243;][\/vc_column][\/vc_row][vc_row padding_size=&#8221;s-padding&#8221; background_mode=&#8221;image&#8221; bg_image_url=&#8221;http:\/\/tikiparcmoorea.com\/wp-content\/uploads\/2017\/05\/maintenance2-150&#215;150.jpg&#8221; background_image=&#8221;7&#8243;][vc_column text_style=&#8221;light&#8221; text_align=&#8221;center&#8221;][vc_column_text]<\/p>\n<h2>Le Tiki Parc Moorea vous accueille tous les jours*<br \/>De 9H \u00e0 16H. Derni\u00e8res entr\u00e9es \u00e0 14H<\/h2>\n<p><span style=\"color: #ffffff;\">*Ferm\u00e9 le lundi hors vacances scolaires<\/span><\/p>\n<p>[\/vc_column_text][vc_empty_space height=&#8221;20px&#8221;][vc_empty_space height=&#8221;50px&#8221;][\/vc_column][\/vc_row]<\/p>\n","protected":false},"excerpt":{"rendered":"<p>[vc_row row_style=&#8221;full-width&#8221; padding_size=&#8221;no-padding&#8221;][vc_column padding_size=&#8221;no-padding&#8221;][wyde_section_separator reflect=&#8221;reflect-h&#8221; background_color=&#8221;#ffffff&#8221; shape_color=&#8221;#f90000&#8243;][\/vc_column][\/vc_row][vc_row][vc_column width=&#8221;1\/3&#8243;][wyde_heading style=&#8221;8&#8243; text_align=&#8221;left&#8221; title=&#8221;Niveau 3 14 Ateliers&#8221;][vc_empty_space height=&#8221;20px&#8221;][vc_row_inner][vc_column_inner background_color=&#8221;#f90000&#8243;][wyde_info_box icon_set=&#8221;farming&#8221; icon_size=&#8221;large&#8221; color=&#8221;#fee299&#8243;] Tyroliennes x 10 Pont filet \u00e0 marcher Tyrolienne montantes Rampe Balan\u00e7oire de g\u00e9ant [\/wyde_info_box][\/vc_column_inner][\/vc_row_inner][\/vc_column][vc_column width=&#8221;2\/3&#8243;][vc_single_image alignment=&#8221;center&#8221; image=&#8221;11&#8243;][vc_column_text] Le parcours de tyroliennes rien que pour le plaisir de se laisser porter dans les airs. Enfants : \u00e0 [&hellip;]<\/p>\n","protected":false},"author":1,"featured_media":0,"parent":0,"menu_order":0,"comment_status":"closed","ping_status":"closed","template":"","meta":{"_mi_skip_tracking":false,"footnotes":""},"class_list":["post-8878","page","type-page","status-publish","hentry"],"yoast_head":"<!-- This site is optimized with the Yoast SEO plugin v20.1 - https:\/\/yoast.com\/wordpress\/plugins\/seo\/ -->\n<title>Tiki Nui - Tiki Parc Moorea<\/title>\n<meta name=\"description\" content=\"Voici notre parcours \u00ab\u00a0Tiki Nui\u00a0\u00bb. Ce parcours est une bonne passerelle entre le Tiki Iti et les parcours plus exp\u00e9riment\u00e9s.\" \/>\n<meta name=\"robots\" content=\"index, follow, max-snippet:-1, max-image-preview:large, max-video-preview:-1\" \/>\n<link rel=\"canonical\" href=\"https:\/\/tikiparcmoorea.com\/?page_id=8878\" \/>\n<meta property=\"og:locale\" content=\"fr_FR\" \/>\n<meta property=\"og:type\" content=\"article\" \/>\n<meta property=\"og:title\" content=\"Tiki Nui - Tiki Parc Moorea\" \/>\n<meta property=\"og:description\" content=\"Voici notre parcours \u00ab\u00a0Tiki Nui\u00a0\u00bb. Ce parcours est une bonne passerelle entre le Tiki Iti et les parcours plus exp\u00e9riment\u00e9s.\" \/>\n<meta property=\"og:url\" content=\"https:\/\/tikiparcmoorea.com\/?page_id=8878\" \/>\n<meta property=\"og:site_name\" content=\"Tiki Parc Moorea\" \/>\n<meta property=\"article:publisher\" content=\"https:\/\/www.facebook.com\/\" \/>\n<meta property=\"article:modified_time\" content=\"2024-03-07T00:47:59+00:00\" \/>\n<meta name=\"twitter:card\" content=\"summary_large_image\" \/>\n<meta name=\"twitter:label1\" content=\"Dur\u00e9e de lecture estim\u00e9e\" \/>\n\t<meta name=\"twitter:data1\" content=\"1 minute\" \/>\n<script type=\"application\/ld+json\" class=\"yoast-schema-graph\">{\"@context\":\"https:\/\/schema.org\",\"@graph\":[{\"@type\":\"WebPage\",\"@id\":\"https:\/\/tikiparcmoorea.com\/?page_id=8878\",\"url\":\"https:\/\/tikiparcmoorea.com\/?page_id=8878\",\"name\":\"Tiki Nui - Tiki Parc Moorea\",\"isPartOf\":{\"@id\":\"https:\/\/tikiparcmoorea.com\/#website\"},\"datePublished\":\"2017-06-13T06:43:41+00:00\",\"dateModified\":\"2024-03-07T00:47:59+00:00\",\"description\":\"Voici notre parcours \u00ab\u00a0Tiki Nui\u00a0\u00bb. Ce parcours est une bonne passerelle entre le Tiki Iti et les parcours plus exp\u00e9riment\u00e9s.\",\"breadcrumb\":{\"@id\":\"https:\/\/tikiparcmoorea.com\/?page_id=8878#breadcrumb\"},\"inLanguage\":\"fr-FR\",\"potentialAction\":[{\"@type\":\"ReadAction\",\"target\":[\"https:\/\/tikiparcmoorea.com\/?page_id=8878\"]}]},{\"@type\":\"BreadcrumbList\",\"@id\":\"https:\/\/tikiparcmoorea.com\/?page_id=8878#breadcrumb\",\"itemListElement\":[{\"@type\":\"ListItem\",\"position\":1,\"name\":\"Accueil\",\"item\":\"https:\/\/tikiparcmoorea.com\/\"},{\"@type\":\"ListItem\",\"position\":2,\"name\":\"Tiki Nui\"}]},{\"@type\":\"WebSite\",\"@id\":\"https:\/\/tikiparcmoorea.com\/#website\",\"url\":\"https:\/\/tikiparcmoorea.com\/\",\"name\":\"Tiki Parc Moorea\",\"description\":\"\u00c9vadez-vous\",\"publisher\":{\"@id\":\"https:\/\/tikiparcmoorea.com\/#organization\"},\"potentialAction\":[{\"@type\":\"SearchAction\",\"target\":{\"@type\":\"EntryPoint\",\"urlTemplate\":\"https:\/\/tikiparcmoorea.com\/?s={search_term_string}\"},\"query-input\":\"required name=search_term_string\"}],\"inLanguage\":\"fr-FR\"},{\"@type\":\"Organization\",\"@id\":\"https:\/\/tikiparcmoorea.com\/#organization\",\"name\":\"Tiki Parc Moorea\",\"url\":\"https:\/\/tikiparcmoorea.com\/\",\"logo\":{\"@type\":\"ImageObject\",\"inLanguage\":\"fr-FR\",\"@id\":\"https:\/\/tikiparcmoorea.com\/#\/schema\/logo\/image\/\",\"url\":\"https:\/\/tikiparcmoorea.com\/wp-content\/uploads\/2025\/08\/LOGO-OFFICIELLE2.png\",\"contentUrl\":\"https:\/\/tikiparcmoorea.com\/wp-content\/uploads\/2025\/08\/LOGO-OFFICIELLE2.png\",\"width\":5000,\"height\":5000,\"caption\":\"Tiki Parc Moorea\"},\"image\":{\"@id\":\"https:\/\/tikiparcmoorea.com\/#\/schema\/logo\/image\/\"},\"sameAs\":[\"https:\/\/www.facebook.com\/\",\"https:\/\/www.instagram.com\/\"]}]}<\/script>\n<!-- \/ Yoast SEO plugin. -->","yoast_head_json":{"title":"Tiki Nui - Tiki Parc Moorea","description":"Voici notre parcours \u00ab\u00a0Tiki Nui\u00a0\u00bb. Ce parcours est une bonne passerelle entre le Tiki Iti et les parcours plus exp\u00e9riment\u00e9s.","robots":{"index":"index","follow":"follow","max-snippet":"max-snippet:-1","max-image-preview":"max-image-preview:large","max-video-preview":"max-video-preview:-1"},"canonical":"https:\/\/tikiparcmoorea.com\/?page_id=8878","og_locale":"fr_FR","og_type":"article","og_title":"Tiki Nui - Tiki Parc Moorea","og_description":"Voici notre parcours \u00ab\u00a0Tiki Nui\u00a0\u00bb. Ce parcours est une bonne passerelle entre le Tiki Iti et les parcours plus exp\u00e9riment\u00e9s.","og_url":"https:\/\/tikiparcmoorea.com\/?page_id=8878","og_site_name":"Tiki Parc Moorea","article_publisher":"https:\/\/www.facebook.com\/","article_modified_time":"2024-03-07T00:47:59+00:00","twitter_card":"summary_large_image","twitter_misc":{"Dur\u00e9e de lecture estim\u00e9e":"1 minute"},"schema":{"@context":"https:\/\/schema.org","@graph":[{"@type":"WebPage","@id":"https:\/\/tikiparcmoorea.com\/?page_id=8878","url":"https:\/\/tikiparcmoorea.com\/?page_id=8878","name":"Tiki Nui - Tiki Parc Moorea","isPartOf":{"@id":"https:\/\/tikiparcmoorea.com\/#website"},"datePublished":"2017-06-13T06:43:41+00:00","dateModified":"2024-03-07T00:47:59+00:00","description":"Voici notre parcours \u00ab\u00a0Tiki Nui\u00a0\u00bb. Ce parcours est une bonne passerelle entre le Tiki Iti et les parcours plus exp\u00e9riment\u00e9s.","breadcrumb":{"@id":"https:\/\/tikiparcmoorea.com\/?page_id=8878#breadcrumb"},"inLanguage":"fr-FR","potentialAction":[{"@type":"ReadAction","target":["https:\/\/tikiparcmoorea.com\/?page_id=8878"]}]},{"@type":"BreadcrumbList","@id":"https:\/\/tikiparcmoorea.com\/?page_id=8878#breadcrumb","itemListElement":[{"@type":"ListItem","position":1,"name":"Accueil","item":"https:\/\/tikiparcmoorea.com\/"},{"@type":"ListItem","position":2,"name":"Tiki Nui"}]},{"@type":"WebSite","@id":"https:\/\/tikiparcmoorea.com\/#website","url":"https:\/\/tikiparcmoorea.com\/","name":"Tiki Parc Moorea","description":"\u00c9vadez-vous","publisher":{"@id":"https:\/\/tikiparcmoorea.com\/#organization"},"potentialAction":[{"@type":"SearchAction","target":{"@type":"EntryPoint","urlTemplate":"https:\/\/tikiparcmoorea.com\/?s={search_term_string}"},"query-input":"required name=search_term_string"}],"inLanguage":"fr-FR"},{"@type":"Organization","@id":"https:\/\/tikiparcmoorea.com\/#organization","name":"Tiki Parc Moorea","url":"https:\/\/tikiparcmoorea.com\/","logo":{"@type":"ImageObject","inLanguage":"fr-FR","@id":"https:\/\/tikiparcmoorea.com\/#\/schema\/logo\/image\/","url":"https:\/\/tikiparcmoorea.com\/wp-content\/uploads\/2025\/08\/LOGO-OFFICIELLE2.png","contentUrl":"https:\/\/tikiparcmoorea.com\/wp-content\/uploads\/2025\/08\/LOGO-OFFICIELLE2.png","width":5000,"height":5000,"caption":"Tiki Parc Moorea"},"image":{"@id":"https:\/\/tikiparcmoorea.com\/#\/schema\/logo\/image\/"},"sameAs":["https:\/\/www.facebook.com\/","https:\/\/www.instagram.com\/"]}]}},"_links":{"self":[{"href":"https:\/\/tikiparcmoorea.com\/index.php?rest_route=\/wp\/v2\/pages\/8878","targetHints":{"allow":["GET"]}}],"collection":[{"href":"https:\/\/tikiparcmoorea.com\/index.php?rest_route=\/wp\/v2\/pages"}],"about":[{"href":"https:\/\/tikiparcmoorea.com\/index.php?rest_route=\/wp\/v2\/types\/page"}],"author":[{"embeddable":true,"href":"https:\/\/tikiparcmoorea.com\/index.php?rest_route=\/wp\/v2\/users\/1"}],"replies":[{"embeddable":true,"href":"https:\/\/tikiparcmoorea.com\/index.php?rest_route=%2Fwp%2Fv2%2Fcomments&post=8878"}],"version-history":[{"count":22,"href":"https:\/\/tikiparcmoorea.com\/index.php?rest_route=\/wp\/v2\/pages\/8878\/revisions"}],"predecessor-version":[{"id":9755,"href":"https:\/\/tikiparcmoorea.com\/index.php?rest_route=\/wp\/v2\/pages\/8878\/revisions\/9755"}],"wp:attachment":[{"href":"https:\/\/tikiparcmoorea.com\/index.php?rest_route=%2Fwp%2Fv2%2Fmedia&parent=8878"}],"curies":[{"name":"wp","href":"https:\/\/api.w.org\/{rel}","templated":true}]}}