{"id":8857,"date":"2017-06-13T07:59:57","date_gmt":"2017-06-13T05:59:57","guid":{"rendered":"http:\/\/tikiparcmoorea.com\/?page_id=8857"},"modified":"2024-03-07T01:52:34","modified_gmt":"2024-03-07T00:52:34","slug":"tikitamarii","status":"publish","type":"page","link":"https:\/\/tikiparcmoorea.com\/?page_id=8857","title":{"rendered":"Tiki Tamarii"},"content":{"rendered":"<p>[vc_row row_style=&#8221;full-width&#8221; padding_size=&#8221;no-padding&#8221;][vc_column padding_size=&#8221;no-padding&#8221;][wyde_section_separator reflect=&#8221;reflect-h&#8221; background_color=&#8221;#ffffff&#8221; shape_color=&#8221;#00d0f9&#8243;][\/vc_column][\/vc_row][vc_row][vc_column width=&#8221;1\/3&#8243;][wyde_heading style=&#8221;8&#8243; text_align=&#8221;left&#8221; title=&#8221;Niveau : Enfants<br \/>\n2 parcours,14 ateliers&#8221;][vc_empty_space height=&#8221;20px&#8221;][vc_row_inner][vc_column_inner background_color=&#8221;#00d0f9&#8243;][wyde_info_box icon_set=&#8221;farming&#8221; icon_size=&#8221;large&#8221; color=&#8221;#fee299&#8243;]<\/p>\n<h3><span style=\"color: #ffffff;\">TAMARII 1<br \/>\nLiane de Tarzan<br \/>\nMarche Nenuphar<br \/>\nPoutre suspendu<br \/>\nLiane de Tarzan<br \/>\nFilet suspendu<br \/>\nTunnel<br \/>\nLiane de Tarzan<br \/>\nTAMARII 2<br \/>\nCoco volant<br \/>\nLiane de Tarzan<br \/>\nPont zig zag<br \/>\nPont de singe<\/span><br \/>\n<span style=\"color: #ffffff;\">Tapis volant<\/span><br \/>\n<span style=\"color: #ffffff;\">Balan\u00e7oire G\u00e9ante<\/span><br \/>\n<span style=\"color: #ffffff;\">Liane de Tarzan<\/span><br \/>\n<span style=\"color: #ffffff;\">Fin<\/span><\/h3>\n<p>[\/wyde_info_box][\/vc_column_inner][\/vc_row_inner][\/vc_column][vc_column width=&#8221;2\/3&#8243;][vc_single_image alignment=&#8221;center&#8221; image=&#8221;11&#8243;][vc_column_text]<\/p>\n<p>\n<span style=\"color: #000000; font-size: 14pt;\"><strong>Pour les petits avec tout comme les grands !<br \/>Un parcours \u00e0 faire et \u00e0 refaire sous la surveillance d&#8217;un adulte.<\/strong><\/span><\/p>\n<p><span style=\"font-size: 12pt;\"><strong>Enfants : de 3 \u00e0 7 ans<br \/>Taille minimum : 90 cm<br \/>Hauteur plateformes : 6 m maximum<br \/>Encadrement : Op\u00e9rateur sur les 3 premiers ateliers puis accompagnateur au sol<br \/>\u00c9quipement : Harnais enfant<\/strong><\/span><\/p>\n<p>[\/vc_column_text][vc_empty_space height=&#8221;40px&#8221;][wyde_image_gallery image_size=&#8221;gogreen-large&#8221; gallery_type=&#8221;slider&#8221; visible_items=&#8221;4&#8243; images=&#8221;9006,9007,9008,9169&#8243;][\/vc_column][\/vc_row][vc_row padding_size=&#8221;s-padding&#8221; background_mode=&#8221;image&#8221; bg_image_url=&#8221;http:\/\/tikiparcmoorea.com\/wp-content\/uploads\/2017\/05\/maintenance2-150&#215;150.jpg&#8221; background_image=&#8221;7&#8243;][vc_column text_style=&#8221;light&#8221; text_align=&#8221;center&#8221;][vc_column_text]<\/p>\n<h2>Le Tiki Parc Moorea vous accueille tous les jours*<br \/>De 9H \u00e0 16H. Derni\u00e8res entr\u00e9es \u00e0 14H<\/h2>\n<p><span style=\"color: #ffffff;\">*Ferm\u00e9 le lundi hors vacances scolaires<\/span><\/p>\n<p>[\/vc_column_text][vc_empty_space height=&#8221;20px&#8221;][vc_empty_space height=&#8221;50px&#8221;][\/vc_column][\/vc_row]<\/p>\n","protected":false},"excerpt":{"rendered":"<p>[vc_row row_style=&#8221;full-width&#8221; padding_size=&#8221;no-padding&#8221;][vc_column padding_size=&#8221;no-padding&#8221;][wyde_section_separator reflect=&#8221;reflect-h&#8221; background_color=&#8221;#ffffff&#8221; shape_color=&#8221;#00d0f9&#8243;][\/vc_column][\/vc_row][vc_row][vc_column width=&#8221;1\/3&#8243;][wyde_heading style=&#8221;8&#8243; text_align=&#8221;left&#8221; title=&#8221;Niveau : Enfants 2 parcours,14 ateliers&#8221;][vc_empty_space height=&#8221;20px&#8221;][vc_row_inner][vc_column_inner background_color=&#8221;#00d0f9&#8243;][wyde_info_box icon_set=&#8221;farming&#8221; icon_size=&#8221;large&#8221; color=&#8221;#fee299&#8243;] TAMARII 1 Liane de Tarzan Marche Nenuphar Poutre suspendu Liane de Tarzan Filet suspendu Tunnel Liane de Tarzan TAMARII 2 Coco volant Liane de Tarzan Pont zig zag Pont de singe Tapis volant Balan\u00e7oire [&hellip;]<\/p>\n","protected":false},"author":1,"featured_media":0,"parent":0,"menu_order":0,"comment_status":"closed","ping_status":"closed","template":"","meta":{"_mi_skip_tracking":false,"footnotes":""},"class_list":["post-8857","page","type-page","status-publish","hentry"],"yoast_head":"<!-- This site is optimized with the Yoast SEO plugin v20.1 - https:\/\/yoast.com\/wordpress\/plugins\/seo\/ -->\n<title>Tiki Tamarii - Tiki Parc Moorea<\/title>\n<meta name=\"description\" content=\"Voici notre espace \u00ab\u00a0Tamarii\u00a0\u00bb. Un espace pour les enfants de 3 \u00e0 7 ans compos\u00e9 de 2 parcours. Les adultes pourront les accompagner au sol.\" \/>\n<meta name=\"robots\" content=\"index, follow, max-snippet:-1, max-image-preview:large, max-video-preview:-1\" \/>\n<link rel=\"canonical\" href=\"https:\/\/tikiparcmoorea.com\/?page_id=8857\" \/>\n<meta property=\"og:locale\" content=\"fr_FR\" \/>\n<meta property=\"og:type\" content=\"article\" \/>\n<meta property=\"og:title\" content=\"Tiki Tamarii - Tiki Parc Moorea\" \/>\n<meta property=\"og:description\" content=\"Voici notre espace \u00ab\u00a0Tamarii\u00a0\u00bb. Un espace pour les enfants de 3 \u00e0 7 ans compos\u00e9 de 2 parcours. Les adultes pourront les accompagner au sol.\" \/>\n<meta property=\"og:url\" content=\"https:\/\/tikiparcmoorea.com\/?page_id=8857\" \/>\n<meta property=\"og:site_name\" content=\"Tiki Parc Moorea\" \/>\n<meta property=\"article:publisher\" content=\"https:\/\/www.facebook.com\/\" \/>\n<meta property=\"article:modified_time\" content=\"2024-03-07T00:52:34+00:00\" \/>\n<meta name=\"twitter:card\" content=\"summary_large_image\" \/>\n<meta name=\"twitter:label1\" content=\"Dur\u00e9e de lecture estim\u00e9e\" \/>\n\t<meta name=\"twitter:data1\" content=\"1 minute\" \/>\n<script type=\"application\/ld+json\" class=\"yoast-schema-graph\">{\"@context\":\"https:\/\/schema.org\",\"@graph\":[{\"@type\":\"WebPage\",\"@id\":\"https:\/\/tikiparcmoorea.com\/?page_id=8857\",\"url\":\"https:\/\/tikiparcmoorea.com\/?page_id=8857\",\"name\":\"Tiki Tamarii - Tiki Parc Moorea\",\"isPartOf\":{\"@id\":\"https:\/\/tikiparcmoorea.com\/#website\"},\"datePublished\":\"2017-06-13T05:59:57+00:00\",\"dateModified\":\"2024-03-07T00:52:34+00:00\",\"description\":\"Voici notre espace \u00ab\u00a0Tamarii\u00a0\u00bb. Un espace pour les enfants de 3 \u00e0 7 ans compos\u00e9 de 2 parcours. Les adultes pourront les accompagner au sol.\",\"breadcrumb\":{\"@id\":\"https:\/\/tikiparcmoorea.com\/?page_id=8857#breadcrumb\"},\"inLanguage\":\"fr-FR\",\"potentialAction\":[{\"@type\":\"ReadAction\",\"target\":[\"https:\/\/tikiparcmoorea.com\/?page_id=8857\"]}]},{\"@type\":\"BreadcrumbList\",\"@id\":\"https:\/\/tikiparcmoorea.com\/?page_id=8857#breadcrumb\",\"itemListElement\":[{\"@type\":\"ListItem\",\"position\":1,\"name\":\"Accueil\",\"item\":\"https:\/\/tikiparcmoorea.com\/\"},{\"@type\":\"ListItem\",\"position\":2,\"name\":\"Tiki Tamarii\"}]},{\"@type\":\"WebSite\",\"@id\":\"https:\/\/tikiparcmoorea.com\/#website\",\"url\":\"https:\/\/tikiparcmoorea.com\/\",\"name\":\"Tiki Parc Moorea\",\"description\":\"\u00c9vadez-vous\",\"publisher\":{\"@id\":\"https:\/\/tikiparcmoorea.com\/#organization\"},\"potentialAction\":[{\"@type\":\"SearchAction\",\"target\":{\"@type\":\"EntryPoint\",\"urlTemplate\":\"https:\/\/tikiparcmoorea.com\/?s={search_term_string}\"},\"query-input\":\"required name=search_term_string\"}],\"inLanguage\":\"fr-FR\"},{\"@type\":\"Organization\",\"@id\":\"https:\/\/tikiparcmoorea.com\/#organization\",\"name\":\"Tiki Parc Moorea\",\"url\":\"https:\/\/tikiparcmoorea.com\/\",\"logo\":{\"@type\":\"ImageObject\",\"inLanguage\":\"fr-FR\",\"@id\":\"https:\/\/tikiparcmoorea.com\/#\/schema\/logo\/image\/\",\"url\":\"https:\/\/tikiparcmoorea.com\/wp-content\/uploads\/2025\/08\/LOGO-OFFICIELLE2.png\",\"contentUrl\":\"https:\/\/tikiparcmoorea.com\/wp-content\/uploads\/2025\/08\/LOGO-OFFICIELLE2.png\",\"width\":5000,\"height\":5000,\"caption\":\"Tiki Parc Moorea\"},\"image\":{\"@id\":\"https:\/\/tikiparcmoorea.com\/#\/schema\/logo\/image\/\"},\"sameAs\":[\"https:\/\/www.facebook.com\/\",\"https:\/\/www.instagram.com\/\"]}]}<\/script>\n<!-- \/ Yoast SEO plugin. -->","yoast_head_json":{"title":"Tiki Tamarii - Tiki Parc Moorea","description":"Voici notre espace \u00ab\u00a0Tamarii\u00a0\u00bb. Un espace pour les enfants de 3 \u00e0 7 ans compos\u00e9 de 2 parcours. Les adultes pourront les accompagner au sol.","robots":{"index":"index","follow":"follow","max-snippet":"max-snippet:-1","max-image-preview":"max-image-preview:large","max-video-preview":"max-video-preview:-1"},"canonical":"https:\/\/tikiparcmoorea.com\/?page_id=8857","og_locale":"fr_FR","og_type":"article","og_title":"Tiki Tamarii - Tiki Parc Moorea","og_description":"Voici notre espace \u00ab\u00a0Tamarii\u00a0\u00bb. Un espace pour les enfants de 3 \u00e0 7 ans compos\u00e9 de 2 parcours. Les adultes pourront les accompagner au sol.","og_url":"https:\/\/tikiparcmoorea.com\/?page_id=8857","og_site_name":"Tiki Parc Moorea","article_publisher":"https:\/\/www.facebook.com\/","article_modified_time":"2024-03-07T00:52:34+00:00","twitter_card":"summary_large_image","twitter_misc":{"Dur\u00e9e de lecture estim\u00e9e":"1 minute"},"schema":{"@context":"https:\/\/schema.org","@graph":[{"@type":"WebPage","@id":"https:\/\/tikiparcmoorea.com\/?page_id=8857","url":"https:\/\/tikiparcmoorea.com\/?page_id=8857","name":"Tiki Tamarii - Tiki Parc Moorea","isPartOf":{"@id":"https:\/\/tikiparcmoorea.com\/#website"},"datePublished":"2017-06-13T05:59:57+00:00","dateModified":"2024-03-07T00:52:34+00:00","description":"Voici notre espace \u00ab\u00a0Tamarii\u00a0\u00bb. Un espace pour les enfants de 3 \u00e0 7 ans compos\u00e9 de 2 parcours. Les adultes pourront les accompagner au sol.","breadcrumb":{"@id":"https:\/\/tikiparcmoorea.com\/?page_id=8857#breadcrumb"},"inLanguage":"fr-FR","potentialAction":[{"@type":"ReadAction","target":["https:\/\/tikiparcmoorea.com\/?page_id=8857"]}]},{"@type":"BreadcrumbList","@id":"https:\/\/tikiparcmoorea.com\/?page_id=8857#breadcrumb","itemListElement":[{"@type":"ListItem","position":1,"name":"Accueil","item":"https:\/\/tikiparcmoorea.com\/"},{"@type":"ListItem","position":2,"name":"Tiki Tamarii"}]},{"@type":"WebSite","@id":"https:\/\/tikiparcmoorea.com\/#website","url":"https:\/\/tikiparcmoorea.com\/","name":"Tiki Parc Moorea","description":"\u00c9vadez-vous","publisher":{"@id":"https:\/\/tikiparcmoorea.com\/#organization"},"potentialAction":[{"@type":"SearchAction","target":{"@type":"EntryPoint","urlTemplate":"https:\/\/tikiparcmoorea.com\/?s={search_term_string}"},"query-input":"required name=search_term_string"}],"inLanguage":"fr-FR"},{"@type":"Organization","@id":"https:\/\/tikiparcmoorea.com\/#organization","name":"Tiki Parc Moorea","url":"https:\/\/tikiparcmoorea.com\/","logo":{"@type":"ImageObject","inLanguage":"fr-FR","@id":"https:\/\/tikiparcmoorea.com\/#\/schema\/logo\/image\/","url":"https:\/\/tikiparcmoorea.com\/wp-content\/uploads\/2025\/08\/LOGO-OFFICIELLE2.png","contentUrl":"https:\/\/tikiparcmoorea.com\/wp-content\/uploads\/2025\/08\/LOGO-OFFICIELLE2.png","width":5000,"height":5000,"caption":"Tiki Parc Moorea"},"image":{"@id":"https:\/\/tikiparcmoorea.com\/#\/schema\/logo\/image\/"},"sameAs":["https:\/\/www.facebook.com\/","https:\/\/www.instagram.com\/"]}]}},"_links":{"self":[{"href":"https:\/\/tikiparcmoorea.com\/index.php?rest_route=\/wp\/v2\/pages\/8857","targetHints":{"allow":["GET"]}}],"collection":[{"href":"https:\/\/tikiparcmoorea.com\/index.php?rest_route=\/wp\/v2\/pages"}],"about":[{"href":"https:\/\/tikiparcmoorea.com\/index.php?rest_route=\/wp\/v2\/types\/page"}],"author":[{"embeddable":true,"href":"https:\/\/tikiparcmoorea.com\/index.php?rest_route=\/wp\/v2\/users\/1"}],"replies":[{"embeddable":true,"href":"https:\/\/tikiparcmoorea.com\/index.php?rest_route=%2Fwp%2Fv2%2Fcomments&post=8857"}],"version-history":[{"count":37,"href":"https:\/\/tikiparcmoorea.com\/index.php?rest_route=\/wp\/v2\/pages\/8857\/revisions"}],"predecessor-version":[{"id":9758,"href":"https:\/\/tikiparcmoorea.com\/index.php?rest_route=\/wp\/v2\/pages\/8857\/revisions\/9758"}],"wp:attachment":[{"href":"https:\/\/tikiparcmoorea.com\/index.php?rest_route=%2Fwp%2Fv2%2Fmedia&parent=8857"}],"curies":[{"name":"wp","href":"https:\/\/api.w.org\/{rel}","templated":true}]}}