{"id":8766,"date":"2017-06-08T04:24:22","date_gmt":"2017-06-08T02:24:22","guid":{"rendered":"http:\/\/tikiparcmoorea.com\/?page_id=8766"},"modified":"2024-03-07T22:03:33","modified_gmt":"2024-03-07T21:03:33","slug":"initiation","status":"publish","type":"page","link":"https:\/\/tikiparcmoorea.com\/?page_id=8766","title":{"rendered":"Initiation"},"content":{"rendered":"<p>[vc_row row_style=&#8221;full-width&#8221; padding_size=&#8221;no-padding&#8221;][vc_column padding_size=&#8221;no-padding&#8221;][wyde_section_separator reflect=&#8221;reflect-h&#8221; background_color=&#8221;#ffffff&#8221; shape_color=&#8221;#adadad&#8221;][\/vc_column][\/vc_row][vc_row][vc_column width=&#8221;1\/3&#8243;][wyde_heading style=&#8221;8&#8243; text_align=&#8221;left&#8221; title=&#8221;Obligatoire sauf Tamarii<br \/>\nNiveau : D\u00e9part<br \/>\n4 Ateliers&#8221;][vc_empty_space height=&#8221;20px&#8221;][vc_row_inner][vc_column_inner width=&#8221;1\/2&#8243;][\/vc_column_inner][vc_column_inner overlap=&#8221;left&#8221; padding_size=&#8221;no-padding&#8221; width=&#8221;1\/2&#8243; background_color=&#8221;#adadad&#8221;][wyde_info_box icon_set=&#8221;farming&#8221; icon_size=&#8221;large&#8221; color=&#8221;#fee299&#8243;]<\/p>\n<h3><span style=\"color: #ffffff;\">Pont N\u00e9palais<\/span><\/h3>\n<h3><span style=\"color: #ffffff;\">Pont de singe<\/span><\/h3>\n<h3><span style=\"color: #ffffff;\">Tyrolienne<\/span><\/h3>\n<p>[\/wyde_info_box][\/vc_column_inner][\/vc_row_inner][\/vc_column][vc_column width=&#8221;2\/3&#8243;][vc_single_image alignment=&#8221;center&#8221; image=&#8221;11&#8243;][vc_column_text]<span style=\"color: #000000; font-size: 14pt;\"><strong>Un petit entrainement avant de s&#8217;\u00e9lancer sur les parcours.<\/strong><\/span><\/p>\n<p><span style=\"font-size: 12pt;\"><strong>Enfants \u00e0 partir de 8 ans accompagn\u00e9s<br \/>\nPoids : 110 Kgs Max<br \/>\nTaille minimum : 1,20 m<br \/>\nEngagement physique : faible<br \/>\nHauteur plateformes : 2 m maximum<br \/>\nEncadrement : op\u00e9rateur<br \/>\n\u00c9quipement : baudrier complet et gants<\/strong><\/span>[\/vc_column_text][vc_empty_space height=&#8221;40px&#8221;][wyde_image_gallery image_size=&#8221;gogreen-large&#8221; gallery_type=&#8221;slider&#8221; visible_items=&#8221;4&#8243; show_pagination=&#8221;true&#8221; auto_play=&#8221;true&#8221; images=&#8221;9163,9164,9165,9166&#8243;][\/vc_column][\/vc_row][vc_row padding_size=&#8221;s-padding&#8221; background_mode=&#8221;image&#8221; background_image=&#8221;9024&#8243; bg_image_url=&#8221;http:\/\/tikiparcmoorea.com\/wp-content\/uploads\/2017\/06\/maintenance2ok-150&#215;150.jpg&#8221;][vc_column text_style=&#8221;light&#8221; text_align=&#8221;center&#8221;][vc_column_text]<\/p>\n<h2>Le Tiki Parc Moorea vous accueille tous les jours*<br \/>De 9H \u00e0 16H. Derni\u00e8res entr\u00e9es \u00e0 14H<\/h2>\n<p><span style=\"color: #ffffff;\">*Ferm\u00e9 le lundi hors vacances scolaires<\/span><\/p>\n<p>[\/vc_column_text][vc_empty_space height=&#8221;20px&#8221;][vc_empty_space height=&#8221;50px&#8221;][\/vc_column][\/vc_row]<\/p>\n","protected":false},"excerpt":{"rendered":"<p>[vc_row row_style=&#8221;full-width&#8221; padding_size=&#8221;no-padding&#8221;][vc_column padding_size=&#8221;no-padding&#8221;][wyde_section_separator reflect=&#8221;reflect-h&#8221; background_color=&#8221;#ffffff&#8221; shape_color=&#8221;#adadad&#8221;][\/vc_column][\/vc_row][vc_row][vc_column width=&#8221;1\/3&#8243;][wyde_heading style=&#8221;8&#8243; text_align=&#8221;left&#8221; title=&#8221;Obligatoire sauf Tamarii Niveau : D\u00e9part 4 Ateliers&#8221;][vc_empty_space height=&#8221;20px&#8221;][vc_row_inner][vc_column_inner width=&#8221;1\/2&#8243;][\/vc_column_inner][vc_column_inner overlap=&#8221;left&#8221; padding_size=&#8221;no-padding&#8221; width=&#8221;1\/2&#8243; background_color=&#8221;#adadad&#8221;][wyde_info_box icon_set=&#8221;farming&#8221; icon_size=&#8221;large&#8221; color=&#8221;#fee299&#8243;] Pont N\u00e9palais Pont de singe Tyrolienne [\/wyde_info_box][\/vc_column_inner][\/vc_row_inner][\/vc_column][vc_column width=&#8221;2\/3&#8243;][vc_single_image alignment=&#8221;center&#8221; image=&#8221;11&#8243;][vc_column_text]Un petit entrainement avant de s&#8217;\u00e9lancer sur les parcours. Enfants \u00e0 partir de 8 ans accompagn\u00e9s Poids : 110 [&hellip;]<\/p>\n","protected":false},"author":1,"featured_media":0,"parent":0,"menu_order":0,"comment_status":"closed","ping_status":"closed","template":"","meta":{"_mi_skip_tracking":false,"footnotes":""},"class_list":["post-8766","page","type-page","status-publish","hentry"],"yoast_head":"<!-- This site is optimized with the Yoast SEO plugin v20.1 - https:\/\/yoast.com\/wordpress\/plugins\/seo\/ -->\n<title>Initiation - Tiki Parc Moorea<\/title>\n<meta name=\"description\" content=\"Voici notre parcours d\u2019initiation. Ce parcours est obligatoire afin de prendre connaissance des points de s\u00e9curit\u00e9 de l\u2019activit\u00e9.\" \/>\n<meta name=\"robots\" content=\"index, follow, max-snippet:-1, max-image-preview:large, max-video-preview:-1\" \/>\n<link rel=\"canonical\" href=\"https:\/\/tikiparcmoorea.com\/?page_id=8766\" \/>\n<meta property=\"og:locale\" content=\"fr_FR\" \/>\n<meta property=\"og:type\" content=\"article\" \/>\n<meta property=\"og:title\" content=\"Initiation - Tiki Parc Moorea\" \/>\n<meta property=\"og:description\" content=\"Voici notre parcours d\u2019initiation. Ce parcours est obligatoire afin de prendre connaissance des points de s\u00e9curit\u00e9 de l\u2019activit\u00e9.\" \/>\n<meta property=\"og:url\" content=\"https:\/\/tikiparcmoorea.com\/?page_id=8766\" \/>\n<meta property=\"og:site_name\" content=\"Tiki Parc Moorea\" \/>\n<meta property=\"article:publisher\" content=\"https:\/\/www.facebook.com\/\" \/>\n<meta property=\"article:modified_time\" content=\"2024-03-07T21:03:33+00:00\" \/>\n<meta name=\"twitter:card\" content=\"summary_large_image\" \/>\n<meta name=\"twitter:label1\" content=\"Dur\u00e9e de lecture estim\u00e9e\" \/>\n\t<meta name=\"twitter:data1\" content=\"1 minute\" \/>\n<script type=\"application\/ld+json\" class=\"yoast-schema-graph\">{\"@context\":\"https:\/\/schema.org\",\"@graph\":[{\"@type\":\"WebPage\",\"@id\":\"https:\/\/tikiparcmoorea.com\/?page_id=8766\",\"url\":\"https:\/\/tikiparcmoorea.com\/?page_id=8766\",\"name\":\"Initiation - Tiki Parc Moorea\",\"isPartOf\":{\"@id\":\"https:\/\/tikiparcmoorea.com\/#website\"},\"datePublished\":\"2017-06-08T02:24:22+00:00\",\"dateModified\":\"2024-03-07T21:03:33+00:00\",\"description\":\"Voici notre parcours d\u2019initiation. Ce parcours est obligatoire afin de prendre connaissance des points de s\u00e9curit\u00e9 de l\u2019activit\u00e9.\",\"breadcrumb\":{\"@id\":\"https:\/\/tikiparcmoorea.com\/?page_id=8766#breadcrumb\"},\"inLanguage\":\"fr-FR\",\"potentialAction\":[{\"@type\":\"ReadAction\",\"target\":[\"https:\/\/tikiparcmoorea.com\/?page_id=8766\"]}]},{\"@type\":\"BreadcrumbList\",\"@id\":\"https:\/\/tikiparcmoorea.com\/?page_id=8766#breadcrumb\",\"itemListElement\":[{\"@type\":\"ListItem\",\"position\":1,\"name\":\"Accueil\",\"item\":\"https:\/\/tikiparcmoorea.com\/\"},{\"@type\":\"ListItem\",\"position\":2,\"name\":\"Initiation\"}]},{\"@type\":\"WebSite\",\"@id\":\"https:\/\/tikiparcmoorea.com\/#website\",\"url\":\"https:\/\/tikiparcmoorea.com\/\",\"name\":\"Tiki Parc Moorea\",\"description\":\"\u00c9vadez-vous\",\"publisher\":{\"@id\":\"https:\/\/tikiparcmoorea.com\/#organization\"},\"potentialAction\":[{\"@type\":\"SearchAction\",\"target\":{\"@type\":\"EntryPoint\",\"urlTemplate\":\"https:\/\/tikiparcmoorea.com\/?s={search_term_string}\"},\"query-input\":\"required name=search_term_string\"}],\"inLanguage\":\"fr-FR\"},{\"@type\":\"Organization\",\"@id\":\"https:\/\/tikiparcmoorea.com\/#organization\",\"name\":\"Tiki Parc Moorea\",\"url\":\"https:\/\/tikiparcmoorea.com\/\",\"logo\":{\"@type\":\"ImageObject\",\"inLanguage\":\"fr-FR\",\"@id\":\"https:\/\/tikiparcmoorea.com\/#\/schema\/logo\/image\/\",\"url\":\"https:\/\/tikiparcmoorea.com\/wp-content\/uploads\/2025\/08\/LOGO-OFFICIELLE2.png\",\"contentUrl\":\"https:\/\/tikiparcmoorea.com\/wp-content\/uploads\/2025\/08\/LOGO-OFFICIELLE2.png\",\"width\":5000,\"height\":5000,\"caption\":\"Tiki Parc Moorea\"},\"image\":{\"@id\":\"https:\/\/tikiparcmoorea.com\/#\/schema\/logo\/image\/\"},\"sameAs\":[\"https:\/\/www.facebook.com\/\",\"https:\/\/www.instagram.com\/\"]}]}<\/script>\n<!-- \/ Yoast SEO plugin. -->","yoast_head_json":{"title":"Initiation - Tiki Parc Moorea","description":"Voici notre parcours d\u2019initiation. Ce parcours est obligatoire afin de prendre connaissance des points de s\u00e9curit\u00e9 de l\u2019activit\u00e9.","robots":{"index":"index","follow":"follow","max-snippet":"max-snippet:-1","max-image-preview":"max-image-preview:large","max-video-preview":"max-video-preview:-1"},"canonical":"https:\/\/tikiparcmoorea.com\/?page_id=8766","og_locale":"fr_FR","og_type":"article","og_title":"Initiation - Tiki Parc Moorea","og_description":"Voici notre parcours d\u2019initiation. Ce parcours est obligatoire afin de prendre connaissance des points de s\u00e9curit\u00e9 de l\u2019activit\u00e9.","og_url":"https:\/\/tikiparcmoorea.com\/?page_id=8766","og_site_name":"Tiki Parc Moorea","article_publisher":"https:\/\/www.facebook.com\/","article_modified_time":"2024-03-07T21:03:33+00:00","twitter_card":"summary_large_image","twitter_misc":{"Dur\u00e9e de lecture estim\u00e9e":"1 minute"},"schema":{"@context":"https:\/\/schema.org","@graph":[{"@type":"WebPage","@id":"https:\/\/tikiparcmoorea.com\/?page_id=8766","url":"https:\/\/tikiparcmoorea.com\/?page_id=8766","name":"Initiation - Tiki Parc Moorea","isPartOf":{"@id":"https:\/\/tikiparcmoorea.com\/#website"},"datePublished":"2017-06-08T02:24:22+00:00","dateModified":"2024-03-07T21:03:33+00:00","description":"Voici notre parcours d\u2019initiation. Ce parcours est obligatoire afin de prendre connaissance des points de s\u00e9curit\u00e9 de l\u2019activit\u00e9.","breadcrumb":{"@id":"https:\/\/tikiparcmoorea.com\/?page_id=8766#breadcrumb"},"inLanguage":"fr-FR","potentialAction":[{"@type":"ReadAction","target":["https:\/\/tikiparcmoorea.com\/?page_id=8766"]}]},{"@type":"BreadcrumbList","@id":"https:\/\/tikiparcmoorea.com\/?page_id=8766#breadcrumb","itemListElement":[{"@type":"ListItem","position":1,"name":"Accueil","item":"https:\/\/tikiparcmoorea.com\/"},{"@type":"ListItem","position":2,"name":"Initiation"}]},{"@type":"WebSite","@id":"https:\/\/tikiparcmoorea.com\/#website","url":"https:\/\/tikiparcmoorea.com\/","name":"Tiki Parc Moorea","description":"\u00c9vadez-vous","publisher":{"@id":"https:\/\/tikiparcmoorea.com\/#organization"},"potentialAction":[{"@type":"SearchAction","target":{"@type":"EntryPoint","urlTemplate":"https:\/\/tikiparcmoorea.com\/?s={search_term_string}"},"query-input":"required name=search_term_string"}],"inLanguage":"fr-FR"},{"@type":"Organization","@id":"https:\/\/tikiparcmoorea.com\/#organization","name":"Tiki Parc Moorea","url":"https:\/\/tikiparcmoorea.com\/","logo":{"@type":"ImageObject","inLanguage":"fr-FR","@id":"https:\/\/tikiparcmoorea.com\/#\/schema\/logo\/image\/","url":"https:\/\/tikiparcmoorea.com\/wp-content\/uploads\/2025\/08\/LOGO-OFFICIELLE2.png","contentUrl":"https:\/\/tikiparcmoorea.com\/wp-content\/uploads\/2025\/08\/LOGO-OFFICIELLE2.png","width":5000,"height":5000,"caption":"Tiki Parc Moorea"},"image":{"@id":"https:\/\/tikiparcmoorea.com\/#\/schema\/logo\/image\/"},"sameAs":["https:\/\/www.facebook.com\/","https:\/\/www.instagram.com\/"]}]}},"_links":{"self":[{"href":"https:\/\/tikiparcmoorea.com\/index.php?rest_route=\/wp\/v2\/pages\/8766","targetHints":{"allow":["GET"]}}],"collection":[{"href":"https:\/\/tikiparcmoorea.com\/index.php?rest_route=\/wp\/v2\/pages"}],"about":[{"href":"https:\/\/tikiparcmoorea.com\/index.php?rest_route=\/wp\/v2\/types\/page"}],"author":[{"embeddable":true,"href":"https:\/\/tikiparcmoorea.com\/index.php?rest_route=\/wp\/v2\/users\/1"}],"replies":[{"embeddable":true,"href":"https:\/\/tikiparcmoorea.com\/index.php?rest_route=%2Fwp%2Fv2%2Fcomments&post=8766"}],"version-history":[{"count":61,"href":"https:\/\/tikiparcmoorea.com\/index.php?rest_route=\/wp\/v2\/pages\/8766\/revisions"}],"predecessor-version":[{"id":9764,"href":"https:\/\/tikiparcmoorea.com\/index.php?rest_route=\/wp\/v2\/pages\/8766\/revisions\/9764"}],"wp:attachment":[{"href":"https:\/\/tikiparcmoorea.com\/index.php?rest_route=%2Fwp%2Fv2%2Fmedia&parent=8766"}],"curies":[{"name":"wp","href":"https:\/\/api.w.org\/{rel}","templated":true}]}}