{"id":1356,"date":"2016-01-24T05:47:16","date_gmt":"2016-01-24T05:47:16","guid":{"rendered":"http:\/\/192.168.0.16\/overlap\/?page_id=1356"},"modified":"2024-03-06T23:48:18","modified_gmt":"2024-03-06T22:48:18","slug":"gallery-masonry-1","status":"publish","type":"page","link":"https:\/\/tikiparcmoorea.com\/?page_id=1356","title":{"rendered":"Galerie Photos"},"content":{"rendered":"<p>[vc_row padding_size=&#8221;xl-padding&#8221;][vc_column][wyde_image_gallery image_size=&#8221;gogreen-large&#8221; gallery_type=&#8221;masonry&#8221; hover_effect=&#8221;rotateZoomIn&#8221; images=&#8221;9730,9724,9010,8957,9019,9727,9024,9731,9728,9729,9012,8986,9725,9018,9016,8956,8962,9726,8958,9001&#8243;][vc_empty_space height=&#8221;60px&#8221;][\/vc_column][\/vc_row]<\/p>\n","protected":false},"excerpt":{"rendered":"<p>[vc_row padding_size=&#8221;xl-padding&#8221;][vc_column][wyde_image_gallery image_size=&#8221;gogreen-large&#8221; gallery_type=&#8221;masonry&#8221; hover_effect=&#8221;rotateZoomIn&#8221; images=&#8221;9730,9724,9010,8957,9019,9727,9024,9731,9728,9729,9012,8986,9725,9018,9016,8956,8962,9726,8958,9001&#8243;][vc_empty_space height=&#8221;60px&#8221;][\/vc_column][\/vc_row]<\/p>\n","protected":false},"author":1,"featured_media":0,"parent":0,"menu_order":0,"comment_status":"closed","ping_status":"closed","template":"","meta":{"_mi_skip_tracking":false,"footnotes":""},"class_list":["post-1356","page","type-page","status-publish","hentry"],"yoast_head":"<!-- This site is optimized with the Yoast SEO plugin v20.1 - https:\/\/yoast.com\/wordpress\/plugins\/seo\/ -->\n<title>Galerie Photos - Tiki Parc Moorea<\/title>\n<meta name=\"description\" content=\"Galerie photos \/ Venez d\u00e9couvrir un avant go\u00fbt du Tiki Parc Moorea et de ses diff\u00e9rentes vues exceptionnelles.\" \/>\n<meta name=\"robots\" content=\"index, follow, max-snippet:-1, max-image-preview:large, max-video-preview:-1\" \/>\n<link rel=\"canonical\" href=\"https:\/\/tikiparcmoorea.com\/?page_id=1356\" \/>\n<meta property=\"og:locale\" content=\"fr_FR\" \/>\n<meta property=\"og:type\" content=\"article\" \/>\n<meta property=\"og:title\" content=\"Galerie Photos - Tiki Parc Moorea\" \/>\n<meta property=\"og:description\" content=\"Galerie photos \/ Venez d\u00e9couvrir un avant go\u00fbt du Tiki Parc Moorea et de ses diff\u00e9rentes vues exceptionnelles.\" \/>\n<meta property=\"og:url\" content=\"https:\/\/tikiparcmoorea.com\/?page_id=1356\" \/>\n<meta property=\"og:site_name\" content=\"Tiki Parc Moorea\" \/>\n<meta property=\"article:publisher\" content=\"https:\/\/www.facebook.com\/\" \/>\n<meta property=\"article:modified_time\" content=\"2024-03-06T22:48:18+00:00\" \/>\n<meta name=\"twitter:card\" content=\"summary_large_image\" \/>\n<meta name=\"twitter:label1\" content=\"Dur\u00e9e de lecture estim\u00e9e\" \/>\n\t<meta name=\"twitter:data1\" content=\"1 minute\" \/>\n<script type=\"application\/ld+json\" class=\"yoast-schema-graph\">{\"@context\":\"https:\/\/schema.org\",\"@graph\":[{\"@type\":\"WebPage\",\"@id\":\"https:\/\/tikiparcmoorea.com\/?page_id=1356\",\"url\":\"https:\/\/tikiparcmoorea.com\/?page_id=1356\",\"name\":\"Galerie Photos - Tiki Parc Moorea\",\"isPartOf\":{\"@id\":\"https:\/\/tikiparcmoorea.com\/#website\"},\"datePublished\":\"2016-01-24T05:47:16+00:00\",\"dateModified\":\"2024-03-06T22:48:18+00:00\",\"description\":\"Galerie photos \/ Venez d\u00e9couvrir un avant go\u00fbt du Tiki Parc Moorea et de ses diff\u00e9rentes vues exceptionnelles.\",\"breadcrumb\":{\"@id\":\"https:\/\/tikiparcmoorea.com\/?page_id=1356#breadcrumb\"},\"inLanguage\":\"fr-FR\",\"potentialAction\":[{\"@type\":\"ReadAction\",\"target\":[\"https:\/\/tikiparcmoorea.com\/?page_id=1356\"]}]},{\"@type\":\"BreadcrumbList\",\"@id\":\"https:\/\/tikiparcmoorea.com\/?page_id=1356#breadcrumb\",\"itemListElement\":[{\"@type\":\"ListItem\",\"position\":1,\"name\":\"Accueil\",\"item\":\"https:\/\/tikiparcmoorea.com\/\"},{\"@type\":\"ListItem\",\"position\":2,\"name\":\"Galerie Photos\"}]},{\"@type\":\"WebSite\",\"@id\":\"https:\/\/tikiparcmoorea.com\/#website\",\"url\":\"https:\/\/tikiparcmoorea.com\/\",\"name\":\"Tiki Parc Moorea\",\"description\":\"\u00c9vadez-vous\",\"publisher\":{\"@id\":\"https:\/\/tikiparcmoorea.com\/#organization\"},\"potentialAction\":[{\"@type\":\"SearchAction\",\"target\":{\"@type\":\"EntryPoint\",\"urlTemplate\":\"https:\/\/tikiparcmoorea.com\/?s={search_term_string}\"},\"query-input\":\"required name=search_term_string\"}],\"inLanguage\":\"fr-FR\"},{\"@type\":\"Organization\",\"@id\":\"https:\/\/tikiparcmoorea.com\/#organization\",\"name\":\"Tiki Parc Moorea\",\"url\":\"https:\/\/tikiparcmoorea.com\/\",\"logo\":{\"@type\":\"ImageObject\",\"inLanguage\":\"fr-FR\",\"@id\":\"https:\/\/tikiparcmoorea.com\/#\/schema\/logo\/image\/\",\"url\":\"https:\/\/tikiparcmoorea.com\/wp-content\/uploads\/2025\/08\/LOGO-OFFICIELLE2.png\",\"contentUrl\":\"https:\/\/tikiparcmoorea.com\/wp-content\/uploads\/2025\/08\/LOGO-OFFICIELLE2.png\",\"width\":5000,\"height\":5000,\"caption\":\"Tiki Parc Moorea\"},\"image\":{\"@id\":\"https:\/\/tikiparcmoorea.com\/#\/schema\/logo\/image\/\"},\"sameAs\":[\"https:\/\/www.facebook.com\/\",\"https:\/\/www.instagram.com\/\"]}]}<\/script>\n<!-- \/ Yoast SEO plugin. -->","yoast_head_json":{"title":"Galerie Photos - Tiki Parc Moorea","description":"Galerie photos \/ Venez d\u00e9couvrir un avant go\u00fbt du Tiki Parc Moorea et de ses diff\u00e9rentes vues exceptionnelles.","robots":{"index":"index","follow":"follow","max-snippet":"max-snippet:-1","max-image-preview":"max-image-preview:large","max-video-preview":"max-video-preview:-1"},"canonical":"https:\/\/tikiparcmoorea.com\/?page_id=1356","og_locale":"fr_FR","og_type":"article","og_title":"Galerie Photos - Tiki Parc Moorea","og_description":"Galerie photos \/ Venez d\u00e9couvrir un avant go\u00fbt du Tiki Parc Moorea et de ses diff\u00e9rentes vues exceptionnelles.","og_url":"https:\/\/tikiparcmoorea.com\/?page_id=1356","og_site_name":"Tiki Parc Moorea","article_publisher":"https:\/\/www.facebook.com\/","article_modified_time":"2024-03-06T22:48:18+00:00","twitter_card":"summary_large_image","twitter_misc":{"Dur\u00e9e de lecture estim\u00e9e":"1 minute"},"schema":{"@context":"https:\/\/schema.org","@graph":[{"@type":"WebPage","@id":"https:\/\/tikiparcmoorea.com\/?page_id=1356","url":"https:\/\/tikiparcmoorea.com\/?page_id=1356","name":"Galerie Photos - Tiki Parc Moorea","isPartOf":{"@id":"https:\/\/tikiparcmoorea.com\/#website"},"datePublished":"2016-01-24T05:47:16+00:00","dateModified":"2024-03-06T22:48:18+00:00","description":"Galerie photos \/ Venez d\u00e9couvrir un avant go\u00fbt du Tiki Parc Moorea et de ses diff\u00e9rentes vues exceptionnelles.","breadcrumb":{"@id":"https:\/\/tikiparcmoorea.com\/?page_id=1356#breadcrumb"},"inLanguage":"fr-FR","potentialAction":[{"@type":"ReadAction","target":["https:\/\/tikiparcmoorea.com\/?page_id=1356"]}]},{"@type":"BreadcrumbList","@id":"https:\/\/tikiparcmoorea.com\/?page_id=1356#breadcrumb","itemListElement":[{"@type":"ListItem","position":1,"name":"Accueil","item":"https:\/\/tikiparcmoorea.com\/"},{"@type":"ListItem","position":2,"name":"Galerie Photos"}]},{"@type":"WebSite","@id":"https:\/\/tikiparcmoorea.com\/#website","url":"https:\/\/tikiparcmoorea.com\/","name":"Tiki Parc Moorea","description":"\u00c9vadez-vous","publisher":{"@id":"https:\/\/tikiparcmoorea.com\/#organization"},"potentialAction":[{"@type":"SearchAction","target":{"@type":"EntryPoint","urlTemplate":"https:\/\/tikiparcmoorea.com\/?s={search_term_string}"},"query-input":"required name=search_term_string"}],"inLanguage":"fr-FR"},{"@type":"Organization","@id":"https:\/\/tikiparcmoorea.com\/#organization","name":"Tiki Parc Moorea","url":"https:\/\/tikiparcmoorea.com\/","logo":{"@type":"ImageObject","inLanguage":"fr-FR","@id":"https:\/\/tikiparcmoorea.com\/#\/schema\/logo\/image\/","url":"https:\/\/tikiparcmoorea.com\/wp-content\/uploads\/2025\/08\/LOGO-OFFICIELLE2.png","contentUrl":"https:\/\/tikiparcmoorea.com\/wp-content\/uploads\/2025\/08\/LOGO-OFFICIELLE2.png","width":5000,"height":5000,"caption":"Tiki Parc Moorea"},"image":{"@id":"https:\/\/tikiparcmoorea.com\/#\/schema\/logo\/image\/"},"sameAs":["https:\/\/www.facebook.com\/","https:\/\/www.instagram.com\/"]}]}},"_links":{"self":[{"href":"https:\/\/tikiparcmoorea.com\/index.php?rest_route=\/wp\/v2\/pages\/1356","targetHints":{"allow":["GET"]}}],"collection":[{"href":"https:\/\/tikiparcmoorea.com\/index.php?rest_route=\/wp\/v2\/pages"}],"about":[{"href":"https:\/\/tikiparcmoorea.com\/index.php?rest_route=\/wp\/v2\/types\/page"}],"author":[{"embeddable":true,"href":"https:\/\/tikiparcmoorea.com\/index.php?rest_route=\/wp\/v2\/users\/1"}],"replies":[{"embeddable":true,"href":"https:\/\/tikiparcmoorea.com\/index.php?rest_route=%2Fwp%2Fv2%2Fcomments&post=1356"}],"version-history":[{"count":9,"href":"https:\/\/tikiparcmoorea.com\/index.php?rest_route=\/wp\/v2\/pages\/1356\/revisions"}],"predecessor-version":[{"id":9735,"href":"https:\/\/tikiparcmoorea.com\/index.php?rest_route=\/wp\/v2\/pages\/1356\/revisions\/9735"}],"wp:attachment":[{"href":"https:\/\/tikiparcmoorea.com\/index.php?rest_route=%2Fwp%2Fv2%2Fmedia&parent=1356"}],"curies":[{"name":"wp","href":"https:\/\/api.w.org\/{rel}","templated":true}]}}